{"id":57,"date":"2025-04-19T18:21:56","date_gmt":"2025-04-19T21:21:56","guid":{"rendered":"http:\/\/ciateatrodocumentario.com.br\/?page_id=57"},"modified":"2025-05-17T19:29:49","modified_gmt":"2025-05-17T22:29:49","slug":"home","status":"publish","type":"page","link":"https:\/\/ciateatrodocumentario.com.br\/","title":{"rendered":"Home"},"content":{"rendered":"\t\t<div data-elementor-type=\"wp-page\" data-elementor-id=\"57\" class=\"elementor elementor-57\">\n\t\t\t\t<div class=\"elementor-element elementor-element-ea06b2e e-flex e-con-boxed e-con e-parent\" data-id=\"ea06b2e\" data-element_type=\"container\">\n\t\t\t\t\t<div class=\"e-con-inner\">\n\t\t<div class=\"elementor-element elementor-element-6dc2957 e-con-full e-flex e-con e-child\" data-id=\"6dc2957\" data-element_type=\"container\">\n\t\t\t\t<div class=\"elementor-element elementor-element-0f41155 elementor-widget elementor-widget-image\" data-id=\"0f41155\" data-element_type=\"widget\" data-widget_type=\"image.default\">\n\t\t\t\t<div class=\"elementor-widget-container\">\n\t\t\t\t\t\t\t\t\t\t\t\t\t\t\t<img fetchpriority=\"high\" decoding=\"async\" width=\"512\" height=\"512\" src=\"http:\/\/ciateatrodocumentario.com.br\/wp-content\/uploads\/2025\/04\/cropped-Logo-Cia-Doc-jpg-2.jpg\" class=\"attachment-large size-large wp-image-22\" alt=\"\" srcset=\"http:\/\/ciateatrodocumentario.com.br\/wp-content\/uploads\/2025\/04\/cropped-Logo-Cia-Doc-jpg-2.jpg 512w, http:\/\/ciateatrodocumentario.com.br\/wp-content\/uploads\/2025\/04\/cropped-Logo-Cia-Doc-jpg-2-300x300.jpg 300w, http:\/\/ciateatrodocumentario.com.br\/wp-content\/uploads\/2025\/04\/cropped-Logo-Cia-Doc-jpg-2-150x150.jpg 150w, http:\/\/ciateatrodocumentario.com.br\/wp-content\/uploads\/2025\/04\/cropped-Logo-Cia-Doc-jpg-2-270x270.jpg 270w, http:\/\/ciateatrodocumentario.com.br\/wp-content\/uploads\/2025\/04\/cropped-Logo-Cia-Doc-jpg-2-192x192.jpg 192w, http:\/\/ciateatrodocumentario.com.br\/wp-content\/uploads\/2025\/04\/cropped-Logo-Cia-Doc-jpg-2-180x180.jpg 180w, http:\/\/ciateatrodocumentario.com.br\/wp-content\/uploads\/2025\/04\/cropped-Logo-Cia-Doc-jpg-2-32x32.jpg 32w\" sizes=\"(max-width: 512px) 100vw, 512px\" \/>\t\t\t\t\t\t\t\t\t\t\t\t\t\t\t<\/div>\n\t\t\t\t<\/div>\n\t\t\t\t<\/div>\n\t\t<div class=\"elementor-element elementor-element-cb905c9 e-con-full e-flex e-con e-child\" data-id=\"cb905c9\" data-element_type=\"container\">\n\t\t\t\t<div class=\"elementor-element elementor-element-ab0bc57 elementor-widget elementor-widget-text-editor\" data-id=\"ab0bc57\" data-element_type=\"widget\" data-widget_type=\"text-editor.default\">\n\t\t\t\t<div class=\"elementor-widget-container\">\n\t\t\t\t\t\t\t\t\t<p><span style=\"font-weight: 400;\">Que bom que esteja aqui!\u00a0<\/span><\/p><p><span style=\"font-weight: 400;\">A Cia. Teatro Document\u00e1rio acredita que documentar \u00e9 estabelecer rela\u00e7\u00f5es, intera\u00e7\u00f5es, di\u00e1logos&#8230; Sem interlocutores nossas a\u00e7\u00f5es em Teatro Document\u00e1rio n\u00e3o fariam sentido! Esse espa\u00e7o de divulga\u00e7\u00e3o \u00e9 apoiado pela Lei de Fomento ao Teatro para a Cidade de S\u00e3o Paulo. Disponibilizamos um menu com alguns indicadores do material que temos aqui. A casa \u00e9 nossa! Entre e fique \u00e0 vontade para percorrer seus pr\u00f3prios caminhos neste site. Permaneceremos por aqui e qualquer necessidade extra sobre os projetos da Cia. Teatro Document\u00e1rio, por favor, entre em contato.<\/span><\/p><p><span style=\"font-weight: 400;\">\u00a0 \u00a0 \u00a0\u00a0<\/span><\/p>\t\t\t\t\t\t\t\t<\/div>\n\t\t\t\t<\/div>\n\t\t\t\t<\/div>\n\t\t\t\t\t<\/div>\n\t\t\t\t<\/div>\n\t\t<div class=\"elementor-element elementor-element-fda1244 e-flex e-con-boxed e-con e-parent\" data-id=\"fda1244\" data-element_type=\"container\">\n\t\t\t\t\t<div class=\"e-con-inner\">\n\t\t\t\t<div class=\"elementor-element elementor-element-4727a7d elementor-widget elementor-widget-text-editor\" data-id=\"4727a7d\" data-element_type=\"widget\" data-widget_type=\"text-editor.default\">\n\t\t\t\t<div class=\"elementor-widget-container\">\n\t\t\t\t\t\t\t\t\t<p><span style=\"font-weight: 400;\">A Cia Teatro Document\u00e1rio possui cerca de 20 anos de hist\u00f3ria como grupo de pesquisa c\u00eanica na cidade de S\u00e3o Paulo, produzindo, refletindo, atuando e desenvolvendo pesquisas em teatro document\u00e1rio. O grupo \u00e9 composto por professores e professoras, arte-educadores e arte-educadoras, pesquisadores e pesquisadoras, o que facilita um olhar sens\u00edvel e apurado para as dimens\u00f5es pedag\u00f3gicas de seus trabalhos art\u00edsticos que discutem e refletem, principalmente, acerca das rela\u00e7\u00f5es entre pessoas, mem\u00f3ria, tempo e cidade trazendo em seu discurso c\u00eanico um posicionamento pol\u00edtico, cr\u00edtico e filos\u00f3fico. Um profundo di\u00e1logo estabelecido entre as produ\u00e7\u00f5es art\u00edsticas do grupo e as pesquisas acad\u00eamicas de seus integrantes.<\/span><\/p>\t\t\t\t\t\t\t\t<\/div>\n\t\t\t\t<\/div>\n\t\t\t\t\t<\/div>\n\t\t\t\t<\/div>\n\t\t\t\t<\/div>\n\t\t","protected":false},"excerpt":{"rendered":"<p>Que bom que esteja aqui!\u00a0 A Cia. Teatro Document\u00e1rio acredita que documentar \u00e9 estabelecer rela\u00e7\u00f5es, intera\u00e7\u00f5es, di\u00e1logos&#8230; Sem interlocutores nossas a\u00e7\u00f5es em Teatro Document\u00e1rio n\u00e3o&hellip;<\/p>\n","protected":false},"author":1,"featured_media":0,"parent":0,"menu_order":0,"comment_status":"closed","ping_status":"closed","template":"","meta":{"_eb_attr":"","footnotes":""},"class_list":["post-57","page","type-page","status-publish","hentry"],"_links":{"self":[{"href":"https:\/\/ciateatrodocumentario.com.br\/index.php?rest_route=\/wp\/v2\/pages\/57","targetHints":{"allow":["GET"]}}],"collection":[{"href":"https:\/\/ciateatrodocumentario.com.br\/index.php?rest_route=\/wp\/v2\/pages"}],"about":[{"href":"https:\/\/ciateatrodocumentario.com.br\/index.php?rest_route=\/wp\/v2\/types\/page"}],"author":[{"embeddable":true,"href":"https:\/\/ciateatrodocumentario.com.br\/index.php?rest_route=\/wp\/v2\/users\/1"}],"replies":[{"embeddable":true,"href":"https:\/\/ciateatrodocumentario.com.br\/index.php?rest_route=%2Fwp%2Fv2%2Fcomments&post=57"}],"version-history":[{"count":13,"href":"https:\/\/ciateatrodocumentario.com.br\/index.php?rest_route=\/wp\/v2\/pages\/57\/revisions"}],"predecessor-version":[{"id":502,"href":"https:\/\/ciateatrodocumentario.com.br\/index.php?rest_route=\/wp\/v2\/pages\/57\/revisions\/502"}],"wp:attachment":[{"href":"https:\/\/ciateatrodocumentario.com.br\/index.php?rest_route=%2Fwp%2Fv2%2Fmedia&parent=57"}],"curies":[{"name":"wp","href":"https:\/\/api.w.org\/{rel}","templated":true}]}}