{"id":387,"date":"2025-05-02T19:36:20","date_gmt":"2025-05-02T22:36:20","guid":{"rendered":"https:\/\/ciateatrodocumentario.com.br\/?page_id=387"},"modified":"2025-05-02T20:06:37","modified_gmt":"2025-05-02T23:06:37","slug":"elementor-387","status":"publish","type":"page","link":"https:\/\/ciateatrodocumentario.com.br\/?page_id=387","title":{"rendered":""},"content":{"rendered":"\t\t<div data-elementor-type=\"wp-page\" data-elementor-id=\"387\" class=\"elementor elementor-387\">\n\t\t\t\t<div class=\"elementor-element elementor-element-0444617 e-flex e-con-boxed e-con e-parent\" data-id=\"0444617\" data-element_type=\"container\">\n\t\t\t\t\t<div class=\"e-con-inner\">\n\t\t\t\t<div class=\"elementor-element elementor-element-540d6c5 elementor-widget elementor-widget-image\" data-id=\"540d6c5\" data-element_type=\"widget\" data-widget_type=\"image.default\">\n\t\t\t\t<div class=\"elementor-widget-container\">\n\t\t\t\t\t\t\t\t\t\t\t\t\t\t\t<img fetchpriority=\"high\" decoding=\"async\" width=\"843\" height=\"211\" src=\"https:\/\/ciateatrodocumentario.com.br\/wp-content\/uploads\/2025\/05\/Cabecalho-para-Google-Glassroom-Literatura-Infantil-Aquarela-9-1024x256.png\" class=\"attachment-large size-large wp-image-389\" alt=\"\" srcset=\"https:\/\/ciateatrodocumentario.com.br\/wp-content\/uploads\/2025\/05\/Cabecalho-para-Google-Glassroom-Literatura-Infantil-Aquarela-9-1024x256.png 1024w, https:\/\/ciateatrodocumentario.com.br\/wp-content\/uploads\/2025\/05\/Cabecalho-para-Google-Glassroom-Literatura-Infantil-Aquarela-9-300x75.png 300w, https:\/\/ciateatrodocumentario.com.br\/wp-content\/uploads\/2025\/05\/Cabecalho-para-Google-Glassroom-Literatura-Infantil-Aquarela-9-768x192.png 768w, https:\/\/ciateatrodocumentario.com.br\/wp-content\/uploads\/2025\/05\/Cabecalho-para-Google-Glassroom-Literatura-Infantil-Aquarela-9-1536x384.png 1536w, https:\/\/ciateatrodocumentario.com.br\/wp-content\/uploads\/2025\/05\/Cabecalho-para-Google-Glassroom-Literatura-Infantil-Aquarela-9.png 1920w\" sizes=\"(max-width: 843px) 100vw, 843px\" \/>\t\t\t\t\t\t\t\t\t\t\t\t\t\t\t<\/div>\n\t\t\t\t<\/div>\n\t\t\t\t\t<\/div>\n\t\t\t\t<\/div>\n\t\t<div class=\"elementor-element elementor-element-de0c994 e-flex e-con-boxed e-con e-parent\" data-id=\"de0c994\" data-element_type=\"container\">\n\t\t\t\t\t<div class=\"e-con-inner\">\n\t\t\t\t<div class=\"elementor-element elementor-element-120b43a elementor-widget elementor-widget-text-editor\" data-id=\"120b43a\" data-element_type=\"widget\" data-widget_type=\"text-editor.default\">\n\t\t\t\t<div class=\"elementor-widget-container\">\n\t\t\t\t\t\t\t\t\t<p><span style=\"font-weight: 400;\">Participam dessa encena\u00e7\u00e3o integrantes da Cia. e artistas do n\u00facleo de pesquisa da oficina &#8220;Tempo e Cidade &#8211; a casa como espa\u00e7o de mem\u00f3ria&#8221; que tinha como objetivo investigar a casa com espa\u00e7o c\u00eanico e mem\u00f3rias geradas na rela\u00e7\u00e3o do tempo com a cidade. Casa, cidade, mem\u00f3ria, acolhimento e o n\u00e3o acolhimento s\u00e3o os temas da pe\u00e7a teatral. Cenas e desdobramentos foram elaborados como: a casa \u00e9 o corpo da cidade? Como sentir a cidade dentro de casa?<\/span><\/p><p><span style=\"font-weight: 400;\">O espectador integra a pe\u00e7a suas mem\u00f3rias afetivas, percep\u00e7\u00f5es, pertencimento e o inconsciente coletivo como temas para trag\u00e9dias sociais e at\u00e9 mesmo parte da constru\u00e7\u00e3o das lembran\u00e7as da cidade.<\/span><\/p>\t\t\t\t\t\t\t\t<\/div>\n\t\t\t\t<\/div>\n\t\t\t\t\t<\/div>\n\t\t\t\t<\/div>\n\t\t<div class=\"elementor-element elementor-element-632cd36 e-flex e-con-boxed e-con e-parent\" data-id=\"632cd36\" data-element_type=\"container\">\n\t\t\t\t\t<div class=\"e-con-inner\">\n\t\t\t\t<div class=\"elementor-element elementor-element-43e113f elementor-widget elementor-widget-image\" data-id=\"43e113f\" data-element_type=\"widget\" data-widget_type=\"image.default\">\n\t\t\t\t<div class=\"elementor-widget-container\">\n\t\t\t\t\t\t\t\t\t\t\t\t\t\t\t<img decoding=\"async\" width=\"683\" height=\"1024\" src=\"https:\/\/ciateatrodocumentario.com.br\/wp-content\/uploads\/2025\/05\/Comodo-Sala-6-683x1024.jpg\" class=\"attachment-large size-large wp-image-395\" alt=\"\" srcset=\"https:\/\/ciateatrodocumentario.com.br\/wp-content\/uploads\/2025\/05\/Comodo-Sala-6-683x1024.jpg 683w, https:\/\/ciateatrodocumentario.com.br\/wp-content\/uploads\/2025\/05\/Comodo-Sala-6-200x300.jpg 200w, https:\/\/ciateatrodocumentario.com.br\/wp-content\/uploads\/2025\/05\/Comodo-Sala-6-768x1152.jpg 768w, https:\/\/ciateatrodocumentario.com.br\/wp-content\/uploads\/2025\/05\/Comodo-Sala-6-1024x1536.jpg 1024w, https:\/\/ciateatrodocumentario.com.br\/wp-content\/uploads\/2025\/05\/Comodo-Sala-6.jpg 1152w\" sizes=\"(max-width: 683px) 100vw, 683px\" \/>\t\t\t\t\t\t\t\t\t\t\t\t\t\t\t<\/div>\n\t\t\t\t<\/div>\n\t\t\t\t\t<\/div>\n\t\t\t\t<\/div>\n\t\t<div class=\"elementor-element elementor-element-5c63902 e-flex e-con-boxed e-con e-parent\" data-id=\"5c63902\" data-element_type=\"container\">\n\t\t\t\t\t<div class=\"e-con-inner\">\n\t\t\t\t<div class=\"elementor-element elementor-element-457cb36 elementor-widget elementor-widget-image\" data-id=\"457cb36\" data-element_type=\"widget\" data-widget_type=\"image.default\">\n\t\t\t\t<div class=\"elementor-widget-container\">\n\t\t\t\t\t\t\t\t\t\t\t\t\t\t\t<img decoding=\"async\" width=\"843\" height=\"562\" src=\"https:\/\/ciateatrodocumentario.com.br\/wp-content\/uploads\/2025\/05\/Comodo-Sala-1-1024x683.jpg\" class=\"attachment-large size-large wp-image-400\" alt=\"\" srcset=\"https:\/\/ciateatrodocumentario.com.br\/wp-content\/uploads\/2025\/05\/Comodo-Sala-1-1024x683.jpg 1024w, https:\/\/ciateatrodocumentario.com.br\/wp-content\/uploads\/2025\/05\/Comodo-Sala-1-300x200.jpg 300w, https:\/\/ciateatrodocumentario.com.br\/wp-content\/uploads\/2025\/05\/Comodo-Sala-1-768x512.jpg 768w, https:\/\/ciateatrodocumentario.com.br\/wp-content\/uploads\/2025\/05\/Comodo-Sala-1-1536x1024.jpg 1536w, https:\/\/ciateatrodocumentario.com.br\/wp-content\/uploads\/2025\/05\/Comodo-Sala-1.jpg 1728w\" sizes=\"(max-width: 843px) 100vw, 843px\" \/>\t\t\t\t\t\t\t\t\t\t\t\t\t\t\t<\/div>\n\t\t\t\t<\/div>\n\t\t\t\t\t<\/div>\n\t\t\t\t<\/div>\n\t\t<div class=\"elementor-element elementor-element-fe3ff35 e-flex e-con-boxed e-con e-parent\" data-id=\"fe3ff35\" data-element_type=\"container\">\n\t\t\t\t\t<div class=\"e-con-inner\">\n\t\t\t\t<div class=\"elementor-element elementor-element-f5946bb elementor-widget elementor-widget-image\" data-id=\"f5946bb\" data-element_type=\"widget\" data-widget_type=\"image.default\">\n\t\t\t\t<div class=\"elementor-widget-container\">\n\t\t\t\t\t\t\t\t\t\t\t\t\t\t\t<img loading=\"lazy\" decoding=\"async\" width=\"843\" height=\"562\" src=\"https:\/\/ciateatrodocumentario.com.br\/wp-content\/uploads\/2025\/05\/Comodo-sala-2-1024x683.jpg\" class=\"attachment-large size-large wp-image-399\" alt=\"\" srcset=\"https:\/\/ciateatrodocumentario.com.br\/wp-content\/uploads\/2025\/05\/Comodo-sala-2-1024x683.jpg 1024w, https:\/\/ciateatrodocumentario.com.br\/wp-content\/uploads\/2025\/05\/Comodo-sala-2-300x200.jpg 300w, https:\/\/ciateatrodocumentario.com.br\/wp-content\/uploads\/2025\/05\/Comodo-sala-2-768x512.jpg 768w, https:\/\/ciateatrodocumentario.com.br\/wp-content\/uploads\/2025\/05\/Comodo-sala-2-1536x1024.jpg 1536w, https:\/\/ciateatrodocumentario.com.br\/wp-content\/uploads\/2025\/05\/Comodo-sala-2.jpg 1728w\" sizes=\"(max-width: 843px) 100vw, 843px\" \/>\t\t\t\t\t\t\t\t\t\t\t\t\t\t\t<\/div>\n\t\t\t\t<\/div>\n\t\t\t\t\t<\/div>\n\t\t\t\t<\/div>\n\t\t<div class=\"elementor-element elementor-element-c5bdb14 e-flex e-con-boxed e-con e-parent\" data-id=\"c5bdb14\" data-element_type=\"container\">\n\t\t\t\t\t<div class=\"e-con-inner\">\n\t\t\t\t<div class=\"elementor-element elementor-element-f85dfef elementor-widget elementor-widget-image\" data-id=\"f85dfef\" data-element_type=\"widget\" data-widget_type=\"image.default\">\n\t\t\t\t<div class=\"elementor-widget-container\">\n\t\t\t\t\t\t\t\t\t\t\t\t\t\t\t<img loading=\"lazy\" decoding=\"async\" width=\"843\" height=\"562\" src=\"https:\/\/ciateatrodocumentario.com.br\/wp-content\/uploads\/2025\/05\/Comodo-Sala-3-1024x683.jpg\" class=\"attachment-large size-large wp-image-398\" alt=\"\" srcset=\"https:\/\/ciateatrodocumentario.com.br\/wp-content\/uploads\/2025\/05\/Comodo-Sala-3-1024x683.jpg 1024w, https:\/\/ciateatrodocumentario.com.br\/wp-content\/uploads\/2025\/05\/Comodo-Sala-3-300x200.jpg 300w, https:\/\/ciateatrodocumentario.com.br\/wp-content\/uploads\/2025\/05\/Comodo-Sala-3-768x512.jpg 768w, https:\/\/ciateatrodocumentario.com.br\/wp-content\/uploads\/2025\/05\/Comodo-Sala-3-1536x1024.jpg 1536w, https:\/\/ciateatrodocumentario.com.br\/wp-content\/uploads\/2025\/05\/Comodo-Sala-3.jpg 1728w\" sizes=\"(max-width: 843px) 100vw, 843px\" \/>\t\t\t\t\t\t\t\t\t\t\t\t\t\t\t<\/div>\n\t\t\t\t<\/div>\n\t\t\t\t\t<\/div>\n\t\t\t\t<\/div>\n\t\t<div class=\"elementor-element elementor-element-f871ca0 e-flex e-con-boxed e-con e-parent\" data-id=\"f871ca0\" data-element_type=\"container\">\n\t\t\t\t\t<div class=\"e-con-inner\">\n\t\t\t\t<div class=\"elementor-element elementor-element-2a7f008 elementor-widget elementor-widget-image\" data-id=\"2a7f008\" data-element_type=\"widget\" data-widget_type=\"image.default\">\n\t\t\t\t<div class=\"elementor-widget-container\">\n\t\t\t\t\t\t\t\t\t\t\t\t\t\t\t<img loading=\"lazy\" decoding=\"async\" width=\"843\" height=\"562\" src=\"https:\/\/ciateatrodocumentario.com.br\/wp-content\/uploads\/2025\/05\/Comodo-Sala-4-1024x683.jpg\" class=\"attachment-large size-large wp-image-397\" alt=\"\" srcset=\"https:\/\/ciateatrodocumentario.com.br\/wp-content\/uploads\/2025\/05\/Comodo-Sala-4-1024x683.jpg 1024w, https:\/\/ciateatrodocumentario.com.br\/wp-content\/uploads\/2025\/05\/Comodo-Sala-4-300x200.jpg 300w, https:\/\/ciateatrodocumentario.com.br\/wp-content\/uploads\/2025\/05\/Comodo-Sala-4-768x512.jpg 768w, https:\/\/ciateatrodocumentario.com.br\/wp-content\/uploads\/2025\/05\/Comodo-Sala-4-1536x1024.jpg 1536w, https:\/\/ciateatrodocumentario.com.br\/wp-content\/uploads\/2025\/05\/Comodo-Sala-4.jpg 1728w\" sizes=\"(max-width: 843px) 100vw, 843px\" \/>\t\t\t\t\t\t\t\t\t\t\t\t\t\t\t<\/div>\n\t\t\t\t<\/div>\n\t\t\t\t\t<\/div>\n\t\t\t\t<\/div>\n\t\t<div class=\"elementor-element elementor-element-78b7b2d e-flex e-con-boxed e-con e-parent\" data-id=\"78b7b2d\" data-element_type=\"container\">\n\t\t\t\t\t<div class=\"e-con-inner\">\n\t\t\t\t<div class=\"elementor-element elementor-element-82774a2 elementor-widget elementor-widget-image\" data-id=\"82774a2\" data-element_type=\"widget\" data-widget_type=\"image.default\">\n\t\t\t\t<div class=\"elementor-widget-container\">\n\t\t\t\t\t\t\t\t\t\t\t\t\t\t\t<img loading=\"lazy\" decoding=\"async\" width=\"843\" height=\"633\" src=\"https:\/\/ciateatrodocumentario.com.br\/wp-content\/uploads\/2025\/05\/Comodo-Sala-5-1024x769.jpg\" class=\"attachment-large size-large wp-image-396\" alt=\"\" srcset=\"https:\/\/ciateatrodocumentario.com.br\/wp-content\/uploads\/2025\/05\/Comodo-Sala-5-1024x769.jpg 1024w, https:\/\/ciateatrodocumentario.com.br\/wp-content\/uploads\/2025\/05\/Comodo-Sala-5-300x225.jpg 300w, https:\/\/ciateatrodocumentario.com.br\/wp-content\/uploads\/2025\/05\/Comodo-Sala-5-768x577.jpg 768w, https:\/\/ciateatrodocumentario.com.br\/wp-content\/uploads\/2025\/05\/Comodo-Sala-5-1536x1153.jpg 1536w, https:\/\/ciateatrodocumentario.com.br\/wp-content\/uploads\/2025\/05\/Comodo-Sala-5.jpg 2046w\" sizes=\"(max-width: 843px) 100vw, 843px\" \/>\t\t\t\t\t\t\t\t\t\t\t\t\t\t\t<\/div>\n\t\t\t\t<\/div>\n\t\t\t\t\t<\/div>\n\t\t\t\t<\/div>\n\t\t<div class=\"elementor-element elementor-element-4fc75cb e-flex e-con-boxed e-con e-parent\" data-id=\"4fc75cb\" data-element_type=\"container\">\n\t\t\t\t\t<div class=\"e-con-inner\">\n\t\t\t\t<div class=\"elementor-element elementor-element-7423277 elementor-widget elementor-widget-image\" data-id=\"7423277\" data-element_type=\"widget\" data-widget_type=\"image.default\">\n\t\t\t\t<div class=\"elementor-widget-container\">\n\t\t\t\t\t\t\t\t\t\t\t\t\t\t\t<img loading=\"lazy\" decoding=\"async\" width=\"683\" height=\"1024\" src=\"https:\/\/ciateatrodocumentario.com.br\/wp-content\/uploads\/2025\/05\/Comodo-Sala-7-683x1024.jpg\" class=\"attachment-large size-large wp-image-394\" alt=\"\" srcset=\"https:\/\/ciateatrodocumentario.com.br\/wp-content\/uploads\/2025\/05\/Comodo-Sala-7-683x1024.jpg 683w, https:\/\/ciateatrodocumentario.com.br\/wp-content\/uploads\/2025\/05\/Comodo-Sala-7-200x300.jpg 200w, https:\/\/ciateatrodocumentario.com.br\/wp-content\/uploads\/2025\/05\/Comodo-Sala-7-768x1152.jpg 768w, https:\/\/ciateatrodocumentario.com.br\/wp-content\/uploads\/2025\/05\/Comodo-Sala-7-1024x1536.jpg 1024w, https:\/\/ciateatrodocumentario.com.br\/wp-content\/uploads\/2025\/05\/Comodo-Sala-7.jpg 1152w\" sizes=\"(max-width: 683px) 100vw, 683px\" \/>\t\t\t\t\t\t\t\t\t\t\t\t\t\t\t<\/div>\n\t\t\t\t<\/div>\n\t\t\t\t\t<\/div>\n\t\t\t\t<\/div>\n\t\t<div class=\"elementor-element elementor-element-4274938 e-flex e-con-boxed e-con e-parent\" data-id=\"4274938\" data-element_type=\"container\">\n\t\t\t\t\t<div class=\"e-con-inner\">\n\t\t\t\t<div class=\"elementor-element elementor-element-f18c3b6 elementor-widget elementor-widget-image\" data-id=\"f18c3b6\" data-element_type=\"widget\" data-widget_type=\"image.default\">\n\t\t\t\t<div class=\"elementor-widget-container\">\n\t\t\t\t\t\t\t\t\t\t\t\t\t\t\t<img loading=\"lazy\" decoding=\"async\" width=\"843\" height=\"562\" src=\"https:\/\/ciateatrodocumentario.com.br\/wp-content\/uploads\/2025\/05\/Comodo-sala-9-1024x683.jpg\" class=\"attachment-large size-large wp-image-392\" alt=\"\" srcset=\"https:\/\/ciateatrodocumentario.com.br\/wp-content\/uploads\/2025\/05\/Comodo-sala-9-1024x683.jpg 1024w, https:\/\/ciateatrodocumentario.com.br\/wp-content\/uploads\/2025\/05\/Comodo-sala-9-300x200.jpg 300w, https:\/\/ciateatrodocumentario.com.br\/wp-content\/uploads\/2025\/05\/Comodo-sala-9-768x512.jpg 768w, https:\/\/ciateatrodocumentario.com.br\/wp-content\/uploads\/2025\/05\/Comodo-sala-9-1536x1024.jpg 1536w, https:\/\/ciateatrodocumentario.com.br\/wp-content\/uploads\/2025\/05\/Comodo-sala-9.jpg 1728w\" sizes=\"(max-width: 843px) 100vw, 843px\" \/>\t\t\t\t\t\t\t\t\t\t\t\t\t\t\t<\/div>\n\t\t\t\t<\/div>\n\t\t\t\t\t<\/div>\n\t\t\t\t<\/div>\n\t\t<div class=\"elementor-element elementor-element-95c461f e-flex e-con-boxed e-con e-parent\" data-id=\"95c461f\" data-element_type=\"container\">\n\t\t\t\t\t<div class=\"e-con-inner\">\n\t\t\t\t<div class=\"elementor-element elementor-element-77dda0c elementor-widget elementor-widget-image\" data-id=\"77dda0c\" data-element_type=\"widget\" data-widget_type=\"image.default\">\n\t\t\t\t<div class=\"elementor-widget-container\">\n\t\t\t\t\t\t\t\t\t\t\t\t\t\t\t<img loading=\"lazy\" decoding=\"async\" width=\"843\" height=\"562\" src=\"https:\/\/ciateatrodocumentario.com.br\/wp-content\/uploads\/2025\/05\/Comodo-SALA-8-1024x683.jpg\" class=\"attachment-large size-large wp-image-393\" alt=\"\" srcset=\"https:\/\/ciateatrodocumentario.com.br\/wp-content\/uploads\/2025\/05\/Comodo-SALA-8-1024x683.jpg 1024w, https:\/\/ciateatrodocumentario.com.br\/wp-content\/uploads\/2025\/05\/Comodo-SALA-8-300x200.jpg 300w, https:\/\/ciateatrodocumentario.com.br\/wp-content\/uploads\/2025\/05\/Comodo-SALA-8-768x512.jpg 768w, https:\/\/ciateatrodocumentario.com.br\/wp-content\/uploads\/2025\/05\/Comodo-SALA-8-1536x1024.jpg 1536w, https:\/\/ciateatrodocumentario.com.br\/wp-content\/uploads\/2025\/05\/Comodo-SALA-8.jpg 1728w\" sizes=\"(max-width: 843px) 100vw, 843px\" \/>\t\t\t\t\t\t\t\t\t\t\t\t\t\t\t<\/div>\n\t\t\t\t<\/div>\n\t\t\t\t\t<\/div>\n\t\t\t\t<\/div>\n\t\t<div class=\"elementor-element elementor-element-8bbb292 e-flex e-con-boxed e-con e-parent\" data-id=\"8bbb292\" data-element_type=\"container\">\n\t\t\t\t\t<div class=\"e-con-inner\">\n\t\t\t\t<div class=\"elementor-element elementor-element-710fc6e elementor-widget elementor-widget-image\" data-id=\"710fc6e\" data-element_type=\"widget\" data-widget_type=\"image.default\">\n\t\t\t\t<div class=\"elementor-widget-container\">\n\t\t\t\t\t\t\t\t\t\t\t\t\t\t\t<img loading=\"lazy\" decoding=\"async\" width=\"843\" height=\"562\" src=\"https:\/\/ciateatrodocumentario.com.br\/wp-content\/uploads\/2025\/05\/Comodo-Sala-10-1024x683.jpg\" class=\"attachment-large size-large wp-image-391\" alt=\"\" srcset=\"https:\/\/ciateatrodocumentario.com.br\/wp-content\/uploads\/2025\/05\/Comodo-Sala-10-1024x683.jpg 1024w, https:\/\/ciateatrodocumentario.com.br\/wp-content\/uploads\/2025\/05\/Comodo-Sala-10-300x200.jpg 300w, https:\/\/ciateatrodocumentario.com.br\/wp-content\/uploads\/2025\/05\/Comodo-Sala-10-768x512.jpg 768w, https:\/\/ciateatrodocumentario.com.br\/wp-content\/uploads\/2025\/05\/Comodo-Sala-10-1536x1024.jpg 1536w, https:\/\/ciateatrodocumentario.com.br\/wp-content\/uploads\/2025\/05\/Comodo-Sala-10.jpg 1728w\" sizes=\"(max-width: 843px) 100vw, 843px\" \/>\t\t\t\t\t\t\t\t\t\t\t\t\t\t\t<\/div>\n\t\t\t\t<\/div>\n\t\t\t\t\t<\/div>\n\t\t\t\t<\/div>\n\t\t<div class=\"elementor-element elementor-element-d988eb6 e-flex e-con-boxed e-con e-parent\" data-id=\"d988eb6\" data-element_type=\"container\">\n\t\t\t\t\t<div class=\"e-con-inner\">\n\t\t\t\t<div class=\"elementor-element elementor-element-11ee088 elementor-widget elementor-widget-image\" data-id=\"11ee088\" data-element_type=\"widget\" data-widget_type=\"image.default\">\n\t\t\t\t<div class=\"elementor-widget-container\">\n\t\t\t\t\t\t\t\t\t\t\t\t\t\t\t<img loading=\"lazy\" decoding=\"async\" width=\"843\" height=\"562\" src=\"https:\/\/ciateatrodocumentario.com.br\/wp-content\/uploads\/2025\/05\/Comodo-sala-11-1024x683.jpg\" class=\"attachment-large size-large wp-image-390\" alt=\"\" srcset=\"https:\/\/ciateatrodocumentario.com.br\/wp-content\/uploads\/2025\/05\/Comodo-sala-11-1024x683.jpg 1024w, https:\/\/ciateatrodocumentario.com.br\/wp-content\/uploads\/2025\/05\/Comodo-sala-11-300x200.jpg 300w, https:\/\/ciateatrodocumentario.com.br\/wp-content\/uploads\/2025\/05\/Comodo-sala-11-768x512.jpg 768w, https:\/\/ciateatrodocumentario.com.br\/wp-content\/uploads\/2025\/05\/Comodo-sala-11-1536x1024.jpg 1536w, https:\/\/ciateatrodocumentario.com.br\/wp-content\/uploads\/2025\/05\/Comodo-sala-11.jpg 1728w\" sizes=\"(max-width: 843px) 100vw, 843px\" \/>\t\t\t\t\t\t\t\t\t\t\t\t\t\t\t<\/div>\n\t\t\t\t<\/div>\n\t\t\t\t\t<\/div>\n\t\t\t\t<\/div>\n\t\t<div class=\"elementor-element elementor-element-05cb52d e-flex e-con-boxed e-con e-parent\" data-id=\"05cb52d\" data-element_type=\"container\">\n\t\t\t\t\t<div class=\"e-con-inner\">\n\t\t\t\t<div class=\"elementor-element elementor-element-db82cfe elementor-widget elementor-widget-image\" data-id=\"db82cfe\" data-element_type=\"widget\" data-widget_type=\"image.default\">\n\t\t\t\t<div class=\"elementor-widget-container\">\n\t\t\t\t\t\t\t\t\t\t\t\t\t\t\t<img loading=\"lazy\" decoding=\"async\" width=\"768\" height=\"1024\" src=\"https:\/\/ciateatrodocumentario.com.br\/wp-content\/uploads\/2025\/05\/IMG-20180616-WA0076-768x1024.jpg\" class=\"attachment-large size-large wp-image-411\" alt=\"\" srcset=\"https:\/\/ciateatrodocumentario.com.br\/wp-content\/uploads\/2025\/05\/IMG-20180616-WA0076-768x1024.jpg 768w, https:\/\/ciateatrodocumentario.com.br\/wp-content\/uploads\/2025\/05\/IMG-20180616-WA0076-225x300.jpg 225w, https:\/\/ciateatrodocumentario.com.br\/wp-content\/uploads\/2025\/05\/IMG-20180616-WA0076.jpg 774w\" sizes=\"(max-width: 768px) 100vw, 768px\" \/>\t\t\t\t\t\t\t\t\t\t\t\t\t\t\t<\/div>\n\t\t\t\t<\/div>\n\t\t\t\t\t<\/div>\n\t\t\t\t<\/div>\n\t\t<div class=\"elementor-element elementor-element-1cecceb e-flex e-con-boxed e-con e-parent\" data-id=\"1cecceb\" data-element_type=\"container\">\n\t\t\t\t\t<div class=\"e-con-inner\">\n\t\t\t\t<div class=\"elementor-element elementor-element-f662070 elementor-widget elementor-widget-image\" data-id=\"f662070\" data-element_type=\"widget\" data-widget_type=\"image.default\">\n\t\t\t\t<div class=\"elementor-widget-container\">\n\t\t\t\t\t\t\t\t\t\t\t\t\t\t\t<img loading=\"lazy\" decoding=\"async\" width=\"843\" height=\"632\" src=\"https:\/\/ciateatrodocumentario.com.br\/wp-content\/uploads\/2025\/05\/IMG-20190126-WA0100-1024x768.jpg\" class=\"attachment-large size-large wp-image-410\" alt=\"\" srcset=\"https:\/\/ciateatrodocumentario.com.br\/wp-content\/uploads\/2025\/05\/IMG-20190126-WA0100-1024x768.jpg 1024w, https:\/\/ciateatrodocumentario.com.br\/wp-content\/uploads\/2025\/05\/IMG-20190126-WA0100-300x225.jpg 300w, https:\/\/ciateatrodocumentario.com.br\/wp-content\/uploads\/2025\/05\/IMG-20190126-WA0100-768x576.jpg 768w, https:\/\/ciateatrodocumentario.com.br\/wp-content\/uploads\/2025\/05\/IMG-20190126-WA0100.jpg 1040w\" sizes=\"(max-width: 843px) 100vw, 843px\" \/>\t\t\t\t\t\t\t\t\t\t\t\t\t\t\t<\/div>\n\t\t\t\t<\/div>\n\t\t\t\t\t<\/div>\n\t\t\t\t<\/div>\n\t\t<div class=\"elementor-element elementor-element-580d0c4 e-flex e-con-boxed e-con e-parent\" data-id=\"580d0c4\" data-element_type=\"container\">\n\t\t\t\t\t<div class=\"e-con-inner\">\n\t\t\t\t<div class=\"elementor-element elementor-element-75b139f elementor-widget elementor-widget-image\" data-id=\"75b139f\" data-element_type=\"widget\" data-widget_type=\"image.default\">\n\t\t\t\t<div class=\"elementor-widget-container\">\n\t\t\t\t\t\t\t\t\t\t\t\t\t\t\t<img loading=\"lazy\" decoding=\"async\" width=\"768\" height=\"1024\" src=\"https:\/\/ciateatrodocumentario.com.br\/wp-content\/uploads\/2025\/05\/IMG-20190203-WA0057-768x1024.jpg\" class=\"attachment-large size-large wp-image-409\" alt=\"\" srcset=\"https:\/\/ciateatrodocumentario.com.br\/wp-content\/uploads\/2025\/05\/IMG-20190203-WA0057-768x1024.jpg 768w, https:\/\/ciateatrodocumentario.com.br\/wp-content\/uploads\/2025\/05\/IMG-20190203-WA0057-225x300.jpg 225w, https:\/\/ciateatrodocumentario.com.br\/wp-content\/uploads\/2025\/05\/IMG-20190203-WA0057.jpg 780w\" sizes=\"(max-width: 768px) 100vw, 768px\" \/>\t\t\t\t\t\t\t\t\t\t\t\t\t\t\t<\/div>\n\t\t\t\t<\/div>\n\t\t\t\t\t<\/div>\n\t\t\t\t<\/div>\n\t\t\t\t<\/div>\n\t\t","protected":false},"excerpt":{"rendered":"<p>Participam dessa encena\u00e7\u00e3o integrantes da Cia. e artistas do n\u00facleo de pesquisa da oficina &#8220;Tempo e Cidade &#8211; a casa como espa\u00e7o de mem\u00f3ria&#8221; que&hellip;<\/p>\n","protected":false},"author":1,"featured_media":0,"parent":0,"menu_order":0,"comment_status":"closed","ping_status":"closed","template":"","meta":{"_eb_attr":"","footnotes":""},"class_list":["post-387","page","type-page","status-publish","hentry"],"_links":{"self":[{"href":"https:\/\/ciateatrodocumentario.com.br\/index.php?rest_route=\/wp\/v2\/pages\/387","targetHints":{"allow":["GET"]}}],"collection":[{"href":"https:\/\/ciateatrodocumentario.com.br\/index.php?rest_route=\/wp\/v2\/pages"}],"about":[{"href":"https:\/\/ciateatrodocumentario.com.br\/index.php?rest_route=\/wp\/v2\/types\/page"}],"author":[{"embeddable":true,"href":"https:\/\/ciateatrodocumentario.com.br\/index.php?rest_route=\/wp\/v2\/users\/1"}],"replies":[{"embeddable":true,"href":"https:\/\/ciateatrodocumentario.com.br\/index.php?rest_route=%2Fwp%2Fv2%2Fcomments&post=387"}],"version-history":[{"count":8,"href":"https:\/\/ciateatrodocumentario.com.br\/index.php?rest_route=\/wp\/v2\/pages\/387\/revisions"}],"predecessor-version":[{"id":414,"href":"https:\/\/ciateatrodocumentario.com.br\/index.php?rest_route=\/wp\/v2\/pages\/387\/revisions\/414"}],"wp:attachment":[{"href":"https:\/\/ciateatrodocumentario.com.br\/index.php?rest_route=%2Fwp%2Fv2%2Fmedia&parent=387"}],"curies":[{"name":"wp","href":"https:\/\/api.w.org\/{rel}","templated":true}]}}