{"id":349,"date":"2025-05-02T17:29:08","date_gmt":"2025-05-02T20:29:08","guid":{"rendered":"https:\/\/ciateatrodocumentario.com.br\/?page_id=349"},"modified":"2025-05-02T19:27:25","modified_gmt":"2025-05-02T22:27:25","slug":"elementor-349","status":"publish","type":"page","link":"https:\/\/ciateatrodocumentario.com.br\/?page_id=349","title":{"rendered":""},"content":{"rendered":"\t\t<div data-elementor-type=\"wp-page\" data-elementor-id=\"349\" class=\"elementor elementor-349\">\n\t\t\t\t<div class=\"elementor-element elementor-element-64c3dde e-flex e-con-boxed e-con e-parent\" data-id=\"64c3dde\" data-element_type=\"container\">\n\t\t\t\t\t<div class=\"e-con-inner\">\n\t\t\t\t<div class=\"elementor-element elementor-element-47ed5ea elementor-widget elementor-widget-image\" data-id=\"47ed5ea\" data-element_type=\"widget\" data-widget_type=\"image.default\">\n\t\t\t\t<div class=\"elementor-widget-container\">\n\t\t\t\t\t\t\t\t\t\t\t\t\t\t\t<img fetchpriority=\"high\" decoding=\"async\" width=\"843\" height=\"211\" src=\"https:\/\/ciateatrodocumentario.com.br\/wp-content\/uploads\/2025\/05\/Cabecalho-para-Google-Glassroom-Literatura-Infantil-Aquarela-8-1024x256.png\" class=\"attachment-large size-large wp-image-351\" alt=\"\" srcset=\"https:\/\/ciateatrodocumentario.com.br\/wp-content\/uploads\/2025\/05\/Cabecalho-para-Google-Glassroom-Literatura-Infantil-Aquarela-8-1024x256.png 1024w, https:\/\/ciateatrodocumentario.com.br\/wp-content\/uploads\/2025\/05\/Cabecalho-para-Google-Glassroom-Literatura-Infantil-Aquarela-8-300x75.png 300w, https:\/\/ciateatrodocumentario.com.br\/wp-content\/uploads\/2025\/05\/Cabecalho-para-Google-Glassroom-Literatura-Infantil-Aquarela-8-768x192.png 768w, https:\/\/ciateatrodocumentario.com.br\/wp-content\/uploads\/2025\/05\/Cabecalho-para-Google-Glassroom-Literatura-Infantil-Aquarela-8-1536x384.png 1536w, https:\/\/ciateatrodocumentario.com.br\/wp-content\/uploads\/2025\/05\/Cabecalho-para-Google-Glassroom-Literatura-Infantil-Aquarela-8.png 1920w\" sizes=\"(max-width: 843px) 100vw, 843px\" \/>\t\t\t\t\t\t\t\t\t\t\t\t\t\t\t<\/div>\n\t\t\t\t<\/div>\n\t\t\t\t\t<\/div>\n\t\t\t\t<\/div>\n\t\t<div class=\"elementor-element elementor-element-dce474a e-flex e-con-boxed e-con e-parent\" data-id=\"dce474a\" data-element_type=\"container\">\n\t\t\t\t\t<div class=\"e-con-inner\">\n\t\t\t\t<div class=\"elementor-element elementor-element-0c42527 elementor-widget elementor-widget-text-editor\" data-id=\"0c42527\" data-element_type=\"widget\" data-widget_type=\"text-editor.default\">\n\t\t\t\t<div class=\"elementor-widget-container\">\n\t\t\t\t\t\t\t\t\t<p class=\"mb-2.5 text-heading-3 font-semibold break-words whitespace-break-spaces text-dark-text-100 dark:text-light-text-100 select-text\" data-testid=\"surfacePostExpandedViewPostSubject\">Um projeto sobre a investiga\u00e7\u00e3o do nascer e morrer na grande cidade e esta encena\u00e7\u00e3o curta &#8220;4 tentativas de falar boliviano&#8221; nasceu de uma interfer\u00eancia art\u00edstica numa feira boloviana no bairro do Br\u00e1s.<\/p><p data-pm-slice=\"1 1 []\">Colhemos hist\u00f3rias de refugiados e imigrantes bolivianos, transformamos os dados documemtais em uma interfer\u00eancia art\u00edstica. Voltamos na feira, armamos uma barraca como as demais, e apresentamos ali, para e sobre os bolivianos.<\/p>\t\t\t\t\t\t\t\t<\/div>\n\t\t\t\t<\/div>\n\t\t\t\t\t<\/div>\n\t\t\t\t<\/div>\n\t\t<div class=\"elementor-element elementor-element-2c42b7f e-flex e-con-boxed e-con e-parent\" data-id=\"2c42b7f\" data-element_type=\"container\">\n\t\t\t\t\t<div class=\"e-con-inner\">\n\t\t\t\t<div class=\"elementor-element elementor-element-a2dddf0 elementor-widget elementor-widget-image\" data-id=\"a2dddf0\" data-element_type=\"widget\" data-widget_type=\"image.default\">\n\t\t\t\t<div class=\"elementor-widget-container\">\n\t\t\t\t\t\t\t\t\t\t\t\t\t\t\t<img decoding=\"async\" width=\"720\" height=\"479\" src=\"https:\/\/ciateatrodocumentario.com.br\/wp-content\/uploads\/2025\/05\/WhatsApp-Image-2025-05-02-at-17.16.57.jpeg\" class=\"attachment-large size-large wp-image-364\" alt=\"\" srcset=\"https:\/\/ciateatrodocumentario.com.br\/wp-content\/uploads\/2025\/05\/WhatsApp-Image-2025-05-02-at-17.16.57.jpeg 720w, https:\/\/ciateatrodocumentario.com.br\/wp-content\/uploads\/2025\/05\/WhatsApp-Image-2025-05-02-at-17.16.57-300x200.jpeg 300w\" sizes=\"(max-width: 720px) 100vw, 720px\" \/>\t\t\t\t\t\t\t\t\t\t\t\t\t\t\t<\/div>\n\t\t\t\t<\/div>\n\t\t\t\t\t<\/div>\n\t\t\t\t<\/div>\n\t\t<div class=\"elementor-element elementor-element-96925fc e-flex e-con-boxed e-con e-parent\" data-id=\"96925fc\" data-element_type=\"container\">\n\t\t\t\t\t<div class=\"e-con-inner\">\n\t\t\t\t<div class=\"elementor-element elementor-element-9289c79 elementor-widget elementor-widget-image\" data-id=\"9289c79\" data-element_type=\"widget\" data-widget_type=\"image.default\">\n\t\t\t\t<div class=\"elementor-widget-container\">\n\t\t\t\t\t\t\t\t\t\t\t\t\t\t\t<img decoding=\"async\" width=\"480\" height=\"720\" src=\"https:\/\/ciateatrodocumentario.com.br\/wp-content\/uploads\/2025\/05\/WhatsApp-Image-2025-05-02-at-17.16.57-1.jpeg\" class=\"attachment-large size-large wp-image-363\" alt=\"\" srcset=\"https:\/\/ciateatrodocumentario.com.br\/wp-content\/uploads\/2025\/05\/WhatsApp-Image-2025-05-02-at-17.16.57-1.jpeg 480w, https:\/\/ciateatrodocumentario.com.br\/wp-content\/uploads\/2025\/05\/WhatsApp-Image-2025-05-02-at-17.16.57-1-200x300.jpeg 200w\" sizes=\"(max-width: 480px) 100vw, 480px\" \/>\t\t\t\t\t\t\t\t\t\t\t\t\t\t\t<\/div>\n\t\t\t\t<\/div>\n\t\t\t\t\t<\/div>\n\t\t\t\t<\/div>\n\t\t<div class=\"elementor-element elementor-element-3d5bee4 e-flex e-con-boxed e-con e-parent\" data-id=\"3d5bee4\" data-element_type=\"container\">\n\t\t\t\t\t<div class=\"e-con-inner\">\n\t\t\t\t<div class=\"elementor-element elementor-element-56e2695 elementor-widget elementor-widget-image\" data-id=\"56e2695\" data-element_type=\"widget\" data-widget_type=\"image.default\">\n\t\t\t\t<div class=\"elementor-widget-container\">\n\t\t\t\t\t\t\t\t\t\t\t\t\t\t\t<img loading=\"lazy\" decoding=\"async\" width=\"480\" height=\"720\" src=\"https:\/\/ciateatrodocumentario.com.br\/wp-content\/uploads\/2025\/05\/WhatsApp-Image-2025-05-02-at-17.16.58.jpeg\" class=\"attachment-large size-large wp-image-362\" alt=\"\" srcset=\"https:\/\/ciateatrodocumentario.com.br\/wp-content\/uploads\/2025\/05\/WhatsApp-Image-2025-05-02-at-17.16.58.jpeg 480w, https:\/\/ciateatrodocumentario.com.br\/wp-content\/uploads\/2025\/05\/WhatsApp-Image-2025-05-02-at-17.16.58-200x300.jpeg 200w\" sizes=\"(max-width: 480px) 100vw, 480px\" \/>\t\t\t\t\t\t\t\t\t\t\t\t\t\t\t<\/div>\n\t\t\t\t<\/div>\n\t\t\t\t\t<\/div>\n\t\t\t\t<\/div>\n\t\t<div class=\"elementor-element elementor-element-c32e788 e-flex e-con-boxed e-con e-parent\" data-id=\"c32e788\" data-element_type=\"container\">\n\t\t\t\t\t<div class=\"e-con-inner\">\n\t\t\t\t<div class=\"elementor-element elementor-element-c3ae290 elementor-widget elementor-widget-image\" data-id=\"c3ae290\" data-element_type=\"widget\" data-widget_type=\"image.default\">\n\t\t\t\t<div class=\"elementor-widget-container\">\n\t\t\t\t\t\t\t\t\t\t\t\t\t\t\t<img loading=\"lazy\" decoding=\"async\" width=\"720\" height=\"479\" src=\"https:\/\/ciateatrodocumentario.com.br\/wp-content\/uploads\/2025\/05\/WhatsApp-Image-2025-05-02-at-17.16.58-1.jpeg\" class=\"attachment-large size-large wp-image-361\" alt=\"\" srcset=\"https:\/\/ciateatrodocumentario.com.br\/wp-content\/uploads\/2025\/05\/WhatsApp-Image-2025-05-02-at-17.16.58-1.jpeg 720w, https:\/\/ciateatrodocumentario.com.br\/wp-content\/uploads\/2025\/05\/WhatsApp-Image-2025-05-02-at-17.16.58-1-300x200.jpeg 300w\" sizes=\"(max-width: 720px) 100vw, 720px\" \/>\t\t\t\t\t\t\t\t\t\t\t\t\t\t\t<\/div>\n\t\t\t\t<\/div>\n\t\t\t\t\t<\/div>\n\t\t\t\t<\/div>\n\t\t<div class=\"elementor-element elementor-element-3fa516d e-flex e-con-boxed e-con e-parent\" data-id=\"3fa516d\" data-element_type=\"container\">\n\t\t\t\t\t<div class=\"e-con-inner\">\n\t\t\t\t<div class=\"elementor-element elementor-element-b4befc0 elementor-widget elementor-widget-image\" data-id=\"b4befc0\" data-element_type=\"widget\" data-widget_type=\"image.default\">\n\t\t\t\t<div class=\"elementor-widget-container\">\n\t\t\t\t\t\t\t\t\t\t\t\t\t\t\t<img loading=\"lazy\" decoding=\"async\" width=\"480\" height=\"720\" src=\"https:\/\/ciateatrodocumentario.com.br\/wp-content\/uploads\/2025\/05\/WhatsApp-Image-2025-05-02-at-17.16.58-2.jpeg\" class=\"attachment-large size-large wp-image-360\" alt=\"\" srcset=\"https:\/\/ciateatrodocumentario.com.br\/wp-content\/uploads\/2025\/05\/WhatsApp-Image-2025-05-02-at-17.16.58-2.jpeg 480w, https:\/\/ciateatrodocumentario.com.br\/wp-content\/uploads\/2025\/05\/WhatsApp-Image-2025-05-02-at-17.16.58-2-200x300.jpeg 200w\" sizes=\"(max-width: 480px) 100vw, 480px\" \/>\t\t\t\t\t\t\t\t\t\t\t\t\t\t\t<\/div>\n\t\t\t\t<\/div>\n\t\t\t\t\t<\/div>\n\t\t\t\t<\/div>\n\t\t<div class=\"elementor-element elementor-element-d76de09 e-flex e-con-boxed e-con e-parent\" data-id=\"d76de09\" data-element_type=\"container\">\n\t\t\t\t\t<div class=\"e-con-inner\">\n\t\t\t\t<div class=\"elementor-element elementor-element-3bea5fb elementor-widget elementor-widget-image\" data-id=\"3bea5fb\" data-element_type=\"widget\" data-widget_type=\"image.default\">\n\t\t\t\t<div class=\"elementor-widget-container\">\n\t\t\t\t\t\t\t\t\t\t\t\t\t\t\t<img loading=\"lazy\" decoding=\"async\" width=\"480\" height=\"720\" src=\"https:\/\/ciateatrodocumentario.com.br\/wp-content\/uploads\/2025\/05\/WhatsApp-Image-2025-05-02-at-17.16.59.jpeg\" class=\"attachment-large size-large wp-image-359\" alt=\"\" srcset=\"https:\/\/ciateatrodocumentario.com.br\/wp-content\/uploads\/2025\/05\/WhatsApp-Image-2025-05-02-at-17.16.59.jpeg 480w, https:\/\/ciateatrodocumentario.com.br\/wp-content\/uploads\/2025\/05\/WhatsApp-Image-2025-05-02-at-17.16.59-200x300.jpeg 200w\" sizes=\"(max-width: 480px) 100vw, 480px\" \/>\t\t\t\t\t\t\t\t\t\t\t\t\t\t\t<\/div>\n\t\t\t\t<\/div>\n\t\t\t\t\t<\/div>\n\t\t\t\t<\/div>\n\t\t<div class=\"elementor-element elementor-element-45ea012 e-flex e-con-boxed e-con e-parent\" data-id=\"45ea012\" data-element_type=\"container\">\n\t\t\t\t\t<div class=\"e-con-inner\">\n\t\t\t\t<div class=\"elementor-element elementor-element-d27878c elementor-widget elementor-widget-image\" data-id=\"d27878c\" data-element_type=\"widget\" data-widget_type=\"image.default\">\n\t\t\t\t<div class=\"elementor-widget-container\">\n\t\t\t\t\t\t\t\t\t\t\t\t\t\t\t<img loading=\"lazy\" decoding=\"async\" width=\"480\" height=\"720\" src=\"https:\/\/ciateatrodocumentario.com.br\/wp-content\/uploads\/2025\/05\/WhatsApp-Image-2025-05-02-at-17.16.59-1.jpeg\" class=\"attachment-large size-large wp-image-358\" alt=\"\" srcset=\"https:\/\/ciateatrodocumentario.com.br\/wp-content\/uploads\/2025\/05\/WhatsApp-Image-2025-05-02-at-17.16.59-1.jpeg 480w, https:\/\/ciateatrodocumentario.com.br\/wp-content\/uploads\/2025\/05\/WhatsApp-Image-2025-05-02-at-17.16.59-1-200x300.jpeg 200w\" sizes=\"(max-width: 480px) 100vw, 480px\" \/>\t\t\t\t\t\t\t\t\t\t\t\t\t\t\t<\/div>\n\t\t\t\t<\/div>\n\t\t\t\t\t<\/div>\n\t\t\t\t<\/div>\n\t\t<div class=\"elementor-element elementor-element-02fb3fb e-flex e-con-boxed e-con e-parent\" data-id=\"02fb3fb\" data-element_type=\"container\">\n\t\t\t\t\t<div class=\"e-con-inner\">\n\t\t\t\t<div class=\"elementor-element elementor-element-ff58802 elementor-widget elementor-widget-image\" data-id=\"ff58802\" data-element_type=\"widget\" data-widget_type=\"image.default\">\n\t\t\t\t<div class=\"elementor-widget-container\">\n\t\t\t\t\t\t\t\t\t\t\t\t\t\t\t<img loading=\"lazy\" decoding=\"async\" width=\"720\" height=\"479\" src=\"https:\/\/ciateatrodocumentario.com.br\/wp-content\/uploads\/2025\/05\/WhatsApp-Image-2025-05-02-at-17.16.59-2.jpeg\" class=\"attachment-large size-large wp-image-357\" alt=\"\" srcset=\"https:\/\/ciateatrodocumentario.com.br\/wp-content\/uploads\/2025\/05\/WhatsApp-Image-2025-05-02-at-17.16.59-2.jpeg 720w, https:\/\/ciateatrodocumentario.com.br\/wp-content\/uploads\/2025\/05\/WhatsApp-Image-2025-05-02-at-17.16.59-2-300x200.jpeg 300w\" sizes=\"(max-width: 720px) 100vw, 720px\" \/>\t\t\t\t\t\t\t\t\t\t\t\t\t\t\t<\/div>\n\t\t\t\t<\/div>\n\t\t\t\t\t<\/div>\n\t\t\t\t<\/div>\n\t\t<div class=\"elementor-element elementor-element-efdcdde e-flex e-con-boxed e-con e-parent\" data-id=\"efdcdde\" data-element_type=\"container\">\n\t\t\t\t\t<div class=\"e-con-inner\">\n\t\t\t\t<div class=\"elementor-element elementor-element-7b2d94c elementor-widget elementor-widget-image\" data-id=\"7b2d94c\" data-element_type=\"widget\" data-widget_type=\"image.default\">\n\t\t\t\t<div class=\"elementor-widget-container\">\n\t\t\t\t\t\t\t\t\t\t\t\t\t\t\t<img loading=\"lazy\" decoding=\"async\" width=\"480\" height=\"720\" src=\"https:\/\/ciateatrodocumentario.com.br\/wp-content\/uploads\/2025\/05\/WhatsApp-Image-2025-05-02-at-17.17.00.jpeg\" class=\"attachment-large size-large wp-image-356\" alt=\"\" srcset=\"https:\/\/ciateatrodocumentario.com.br\/wp-content\/uploads\/2025\/05\/WhatsApp-Image-2025-05-02-at-17.17.00.jpeg 480w, https:\/\/ciateatrodocumentario.com.br\/wp-content\/uploads\/2025\/05\/WhatsApp-Image-2025-05-02-at-17.17.00-200x300.jpeg 200w\" sizes=\"(max-width: 480px) 100vw, 480px\" \/>\t\t\t\t\t\t\t\t\t\t\t\t\t\t\t<\/div>\n\t\t\t\t<\/div>\n\t\t\t\t\t<\/div>\n\t\t\t\t<\/div>\n\t\t<div class=\"elementor-element elementor-element-08bf6a1 e-flex e-con-boxed e-con e-parent\" data-id=\"08bf6a1\" data-element_type=\"container\">\n\t\t\t\t\t<div class=\"e-con-inner\">\n\t\t\t\t<div class=\"elementor-element elementor-element-b7ebc4d elementor-widget elementor-widget-image\" data-id=\"b7ebc4d\" data-element_type=\"widget\" data-widget_type=\"image.default\">\n\t\t\t\t<div class=\"elementor-widget-container\">\n\t\t\t\t\t\t\t\t\t\t\t\t\t\t\t<img loading=\"lazy\" decoding=\"async\" width=\"720\" height=\"479\" src=\"https:\/\/ciateatrodocumentario.com.br\/wp-content\/uploads\/2025\/05\/WhatsApp-Image-2025-05-02-at-17.17.00-1.jpeg\" class=\"attachment-large size-large wp-image-355\" alt=\"\" srcset=\"https:\/\/ciateatrodocumentario.com.br\/wp-content\/uploads\/2025\/05\/WhatsApp-Image-2025-05-02-at-17.17.00-1.jpeg 720w, https:\/\/ciateatrodocumentario.com.br\/wp-content\/uploads\/2025\/05\/WhatsApp-Image-2025-05-02-at-17.17.00-1-300x200.jpeg 300w\" sizes=\"(max-width: 720px) 100vw, 720px\" \/>\t\t\t\t\t\t\t\t\t\t\t\t\t\t\t<\/div>\n\t\t\t\t<\/div>\n\t\t\t\t\t<\/div>\n\t\t\t\t<\/div>\n\t\t<div class=\"elementor-element elementor-element-ae98920 e-flex e-con-boxed e-con e-parent\" data-id=\"ae98920\" data-element_type=\"container\">\n\t\t\t\t\t<div class=\"e-con-inner\">\n\t\t\t\t<div class=\"elementor-element elementor-element-9dbc224 elementor-widget elementor-widget-image\" data-id=\"9dbc224\" data-element_type=\"widget\" data-widget_type=\"image.default\">\n\t\t\t\t<div class=\"elementor-widget-container\">\n\t\t\t\t\t\t\t\t\t\t\t\t\t\t\t<img loading=\"lazy\" decoding=\"async\" width=\"720\" height=\"479\" src=\"https:\/\/ciateatrodocumentario.com.br\/wp-content\/uploads\/2025\/05\/WhatsApp-Image-2025-05-02-at-17.17.00-2.jpeg\" class=\"attachment-large size-large wp-image-354\" alt=\"\" srcset=\"https:\/\/ciateatrodocumentario.com.br\/wp-content\/uploads\/2025\/05\/WhatsApp-Image-2025-05-02-at-17.17.00-2.jpeg 720w, https:\/\/ciateatrodocumentario.com.br\/wp-content\/uploads\/2025\/05\/WhatsApp-Image-2025-05-02-at-17.17.00-2-300x200.jpeg 300w\" sizes=\"(max-width: 720px) 100vw, 720px\" \/>\t\t\t\t\t\t\t\t\t\t\t\t\t\t\t<\/div>\n\t\t\t\t<\/div>\n\t\t\t\t\t<\/div>\n\t\t\t\t<\/div>\n\t\t<div class=\"elementor-element elementor-element-b6bf040 e-flex e-con-boxed e-con e-parent\" data-id=\"b6bf040\" data-element_type=\"container\">\n\t\t\t\t\t<div class=\"e-con-inner\">\n\t\t\t\t<div class=\"elementor-element elementor-element-7ee5565 elementor-widget elementor-widget-image\" data-id=\"7ee5565\" data-element_type=\"widget\" data-widget_type=\"image.default\">\n\t\t\t\t<div class=\"elementor-widget-container\">\n\t\t\t\t\t\t\t\t\t\t\t\t\t\t\t<img loading=\"lazy\" decoding=\"async\" width=\"720\" height=\"479\" src=\"https:\/\/ciateatrodocumentario.com.br\/wp-content\/uploads\/2025\/05\/WhatsApp-Image-2025-05-02-at-17.17.01.jpeg\" class=\"attachment-large size-large wp-image-352\" alt=\"\" srcset=\"https:\/\/ciateatrodocumentario.com.br\/wp-content\/uploads\/2025\/05\/WhatsApp-Image-2025-05-02-at-17.17.01.jpeg 720w, https:\/\/ciateatrodocumentario.com.br\/wp-content\/uploads\/2025\/05\/WhatsApp-Image-2025-05-02-at-17.17.01-300x200.jpeg 300w\" sizes=\"(max-width: 720px) 100vw, 720px\" \/>\t\t\t\t\t\t\t\t\t\t\t\t\t\t\t<\/div>\n\t\t\t\t<\/div>\n\t\t\t\t\t<\/div>\n\t\t\t\t<\/div>\n\t\t<div class=\"elementor-element elementor-element-c17ac4c e-flex e-con-boxed e-con e-parent\" data-id=\"c17ac4c\" data-element_type=\"container\">\n\t\t\t\t\t<div class=\"e-con-inner\">\n\t\t\t\t<div class=\"elementor-element elementor-element-87834c4 elementor-widget elementor-widget-image\" data-id=\"87834c4\" data-element_type=\"widget\" data-widget_type=\"image.default\">\n\t\t\t\t<div class=\"elementor-widget-container\">\n\t\t\t\t\t\t\t\t\t\t\t\t\t\t\t<img loading=\"lazy\" decoding=\"async\" width=\"480\" height=\"720\" src=\"https:\/\/ciateatrodocumentario.com.br\/wp-content\/uploads\/2025\/05\/WhatsApp-Image-2025-05-02-at-17.17.00-3.jpeg\" class=\"attachment-large size-large wp-image-353\" alt=\"\" srcset=\"https:\/\/ciateatrodocumentario.com.br\/wp-content\/uploads\/2025\/05\/WhatsApp-Image-2025-05-02-at-17.17.00-3.jpeg 480w, https:\/\/ciateatrodocumentario.com.br\/wp-content\/uploads\/2025\/05\/WhatsApp-Image-2025-05-02-at-17.17.00-3-200x300.jpeg 200w\" sizes=\"(max-width: 480px) 100vw, 480px\" \/>\t\t\t\t\t\t\t\t\t\t\t\t\t\t\t<\/div>\n\t\t\t\t<\/div>\n\t\t\t\t\t<\/div>\n\t\t\t\t<\/div>\n\t\t<div class=\"elementor-element elementor-element-afbd4a1 e-flex e-con-boxed e-con e-parent\" data-id=\"afbd4a1\" data-element_type=\"container\">\n\t\t\t\t\t<div class=\"e-con-inner\">\n\t\t\t\t<div class=\"elementor-element elementor-element-e607efa elementor-widget elementor-widget-image\" data-id=\"e607efa\" data-element_type=\"widget\" data-widget_type=\"image.default\">\n\t\t\t\t<div class=\"elementor-widget-container\">\n\t\t\t\t\t\t\t\t\t\t\t\t\t\t\t<img loading=\"lazy\" decoding=\"async\" width=\"600\" height=\"446\" src=\"https:\/\/ciateatrodocumentario.com.br\/wp-content\/uploads\/2025\/05\/Capture.png\" class=\"attachment-large size-large wp-image-370\" alt=\"\" srcset=\"https:\/\/ciateatrodocumentario.com.br\/wp-content\/uploads\/2025\/05\/Capture.png 600w, https:\/\/ciateatrodocumentario.com.br\/wp-content\/uploads\/2025\/05\/Capture-300x223.png 300w\" sizes=\"(max-width: 600px) 100vw, 600px\" \/>\t\t\t\t\t\t\t\t\t\t\t\t\t\t\t<\/div>\n\t\t\t\t<\/div>\n\t\t\t\t\t<\/div>\n\t\t\t\t<\/div>\n\t\t\t\t<\/div>\n\t\t","protected":false},"excerpt":{"rendered":"<p>Um projeto sobre a investiga\u00e7\u00e3o do nascer e morrer na grande cidade e esta encena\u00e7\u00e3o curta &#8220;4 tentativas de falar boliviano&#8221; nasceu de uma interfer\u00eancia&hellip;<\/p>\n","protected":false},"author":1,"featured_media":0,"parent":0,"menu_order":0,"comment_status":"closed","ping_status":"closed","template":"","meta":{"_eb_attr":"","footnotes":""},"class_list":["post-349","page","type-page","status-publish","hentry"],"_links":{"self":[{"href":"https:\/\/ciateatrodocumentario.com.br\/index.php?rest_route=\/wp\/v2\/pages\/349","targetHints":{"allow":["GET"]}}],"collection":[{"href":"https:\/\/ciateatrodocumentario.com.br\/index.php?rest_route=\/wp\/v2\/pages"}],"about":[{"href":"https:\/\/ciateatrodocumentario.com.br\/index.php?rest_route=\/wp\/v2\/types\/page"}],"author":[{"embeddable":true,"href":"https:\/\/ciateatrodocumentario.com.br\/index.php?rest_route=\/wp\/v2\/users\/1"}],"replies":[{"embeddable":true,"href":"https:\/\/ciateatrodocumentario.com.br\/index.php?rest_route=%2Fwp%2Fv2%2Fcomments&post=349"}],"version-history":[{"count":14,"href":"https:\/\/ciateatrodocumentario.com.br\/index.php?rest_route=\/wp\/v2\/pages\/349\/revisions"}],"predecessor-version":[{"id":386,"href":"https:\/\/ciateatrodocumentario.com.br\/index.php?rest_route=\/wp\/v2\/pages\/349\/revisions\/386"}],"wp:attachment":[{"href":"https:\/\/ciateatrodocumentario.com.br\/index.php?rest_route=%2Fwp%2Fv2%2Fmedia&parent=349"}],"curies":[{"name":"wp","href":"https:\/\/api.w.org\/{rel}","templated":true}]}}