{"id":276,"date":"2025-04-27T18:12:35","date_gmt":"2025-04-27T21:12:35","guid":{"rendered":"http:\/\/ciateatrodocumentario.com.br\/?page_id=276"},"modified":"2025-04-27T18:20:18","modified_gmt":"2025-04-27T21:20:18","slug":"elementor-276","status":"publish","type":"page","link":"https:\/\/ciateatrodocumentario.com.br\/?page_id=276","title":{"rendered":""},"content":{"rendered":"\t\t<div data-elementor-type=\"wp-page\" data-elementor-id=\"276\" class=\"elementor elementor-276\">\n\t\t\t\t<div class=\"elementor-element elementor-element-4310987 e-flex e-con-boxed e-con e-parent\" data-id=\"4310987\" data-element_type=\"container\">\n\t\t\t\t\t<div class=\"e-con-inner\">\n\t\t\t\t<div class=\"elementor-element elementor-element-cbf19ab elementor-widget elementor-widget-image\" data-id=\"cbf19ab\" data-element_type=\"widget\" data-widget_type=\"image.default\">\n\t\t\t\t<div class=\"elementor-widget-container\">\n\t\t\t\t\t\t\t\t\t\t\t\t\t\t\t<img fetchpriority=\"high\" decoding=\"async\" width=\"843\" height=\"211\" src=\"https:\/\/ciateatrodocumentario.com.br\/wp-content\/uploads\/2025\/04\/Cabecalho-para-Google-Glassroom-Literatura-Infantil-Aquarela-5-1024x256.png\" class=\"attachment-large size-large wp-image-278\" alt=\"\" srcset=\"https:\/\/ciateatrodocumentario.com.br\/wp-content\/uploads\/2025\/04\/Cabecalho-para-Google-Glassroom-Literatura-Infantil-Aquarela-5-1024x256.png 1024w, https:\/\/ciateatrodocumentario.com.br\/wp-content\/uploads\/2025\/04\/Cabecalho-para-Google-Glassroom-Literatura-Infantil-Aquarela-5-300x75.png 300w, https:\/\/ciateatrodocumentario.com.br\/wp-content\/uploads\/2025\/04\/Cabecalho-para-Google-Glassroom-Literatura-Infantil-Aquarela-5-768x192.png 768w, https:\/\/ciateatrodocumentario.com.br\/wp-content\/uploads\/2025\/04\/Cabecalho-para-Google-Glassroom-Literatura-Infantil-Aquarela-5-1536x384.png 1536w, https:\/\/ciateatrodocumentario.com.br\/wp-content\/uploads\/2025\/04\/Cabecalho-para-Google-Glassroom-Literatura-Infantil-Aquarela-5.png 1920w\" sizes=\"(max-width: 843px) 100vw, 843px\" \/>\t\t\t\t\t\t\t\t\t\t\t\t\t\t\t<\/div>\n\t\t\t\t<\/div>\n\t\t\t\t\t<\/div>\n\t\t\t\t<\/div>\n\t\t<div class=\"elementor-element elementor-element-37df5bc e-flex e-con-boxed e-con e-parent\" data-id=\"37df5bc\" data-element_type=\"container\">\n\t\t\t\t\t<div class=\"e-con-inner\">\n\t\t\t\t<div class=\"elementor-element elementor-element-f37b5fd elementor-widget elementor-widget-text-editor\" data-id=\"f37b5fd\" data-element_type=\"widget\" data-widget_type=\"text-editor.default\">\n\t\t\t\t<div class=\"elementor-widget-container\">\n\t\t\t\t\t\t\t\t\t<p><span style=\"font-weight: 400;\">Com o projeto intitulado <\/span><strong><i>Mapear Hist\u00f3rias, ou como disse Guimar\u00e3es, o real n\u00e3o est\u00e1 na sa\u00edda nem na chegada: ele se disp\u00f5e para a gente \u00e9 no meio da travessia<\/i><\/strong><span style=\"font-weight: 400;\"><strong>,<\/strong> interven\u00e7\u00f5es teatrais de car\u00e1ter document\u00e1rio foram realizadas em quatro diferentes estabelecimentos comerciais localizados no bairro do Bixiga, nos arredores da Casa do Teatro Document\u00e1rio: Sal\u00e3o de Beleza Extravagance, Bar Casa do Norte Guaxinim, Brech\u00f3 da Delourdes e do Lu\u00eds, Transportadora Penna \u2013 para uma plateia de convidados (vizinhan\u00e7a) e p\u00fablico em geral, no intuito de recuperar as hist\u00f3rias que as pessoas que convivem nesses lugares t\u00eam sobre o bairro, a rua e o pr\u00f3prio estabelecimento. Com a viv\u00eancia e o material teatral e audiovisual coletados, elaboramos uma s\u00e9rie de cenas exibidas numa mostra intitulada V\u00e9rtice: cartografias c\u00eanicas sobre e para Maria Jos\u00e9, que se transformou posteriormente em <\/span><i><span style=\"font-weight: 400;\">Este vasto ter\u00e7o de nosso belo reino \u2013 document\u00e1rio c\u00eanico sobre um ter\u00e7o da rua Maria Jos\u00e9<\/span><\/i><span style=\"font-weight: 400;\">. Vale ressaltar que essa proposta apresentou uma radicalidade: os documentados abriram as portas de seus estabelecimentos para, junto com os atores, receberem os espectadores.<\/span><\/p><p><strong>SINOPSE<\/strong><\/p><p><span style=\"font-weight: 400;\">Por meio de uma trajet\u00f3ria realizada na Rua Maria Jos\u00e9, na qual atores mostram durante as cenas descri\u00e7\u00f5es de detalhes arquitet\u00f4nicos e dos transeuntes, foi constru\u00edda uma narrativa n\u00e3o linear sobre aquela rua, caracterizada por uma s\u00e9rie de contradi\u00e7\u00f5es.<\/span><\/p><p><span style=\"font-weight: 400;\">Para garantir a seguran\u00e7a de determinada rua, bairro ou distrito, mais importante do que a pol\u00edcia \u00e9 o tr\u00e2nsito ininterrupto de usu\u00e1rios e a exist\u00eancia dos olhos da rua (pequenos comerciantes e vizinhan\u00e7a). Por isso, para evidenciar quem s\u00e3o esses \u201colhos da rua\u201d, em determinados momentos da trajet\u00f3ria, os atores envolvidos dar\u00e3o voz aos pequenos comerciantes da Rua Maria Jos\u00e9, hoje distante de um sotaque macarr\u00f4nico e pr\u00f3xima da mel\u00f3dica fala nordestina.<\/span><\/p><p><span style=\"font-weight: 400;\">Em meio a isso tudo, moradores e at\u00e9 um menino que faz m\u00e1gica aparecer\u00e3o para com sua presen\u00e7a corroborar com a ideia de que a rua ainda pode ser um lugar de conviv\u00eancia, um espa\u00e7o familiar, onde encontramos nossas ra\u00edzes e refer\u00eancias de mundo.<\/span><\/p><p><span style=\"font-weight: 400;\">Logo, a experi\u00eancia n\u00e3o trata a rua como passagem, mas sim como caminho por onde paira a mem\u00f3ria dos arredores. O ato c\u00eanico em si pretende contribuir para desconstru\u00e7\u00e3o da m\u00e1xima da rua como espa\u00e7o de simples circula\u00e7\u00e3o da mercadoria, que contribui para a ode aos condom\u00ednios fechados, j\u00e1 que ali tudo pode ser resolvido em \u201ccasa\u201d, longe do encontro com a diferen\u00e7a.<\/span><\/p>\t\t\t\t\t\t\t\t<\/div>\n\t\t\t\t<\/div>\n\t\t\t\t\t<\/div>\n\t\t\t\t<\/div>\n\t\t<div class=\"elementor-element elementor-element-88799d4 e-flex e-con-boxed e-con e-parent\" data-id=\"88799d4\" data-element_type=\"container\">\n\t\t\t\t\t<div class=\"e-con-inner\">\n\t\t\t\t<div class=\"elementor-element elementor-element-0d10985 elementor-widget elementor-widget-image\" data-id=\"0d10985\" data-element_type=\"widget\" data-widget_type=\"image.default\">\n\t\t\t\t<div class=\"elementor-widget-container\">\n\t\t\t\t\t\t\t\t\t\t\t\t\t\t\t<img decoding=\"async\" width=\"843\" height=\"563\" src=\"https:\/\/ciateatrodocumentario.com.br\/wp-content\/uploads\/2025\/04\/Este-vasto-terco-de-nosso-belo-reino-Teatro-Documentario-Credito-Joao-Hannuch-2-1024x684.jpg\" class=\"attachment-large size-large wp-image-281\" alt=\"\" srcset=\"https:\/\/ciateatrodocumentario.com.br\/wp-content\/uploads\/2025\/04\/Este-vasto-terco-de-nosso-belo-reino-Teatro-Documentario-Credito-Joao-Hannuch-2-1024x684.jpg 1024w, https:\/\/ciateatrodocumentario.com.br\/wp-content\/uploads\/2025\/04\/Este-vasto-terco-de-nosso-belo-reino-Teatro-Documentario-Credito-Joao-Hannuch-2-300x200.jpg 300w, https:\/\/ciateatrodocumentario.com.br\/wp-content\/uploads\/2025\/04\/Este-vasto-terco-de-nosso-belo-reino-Teatro-Documentario-Credito-Joao-Hannuch-2-768x513.jpg 768w, https:\/\/ciateatrodocumentario.com.br\/wp-content\/uploads\/2025\/04\/Este-vasto-terco-de-nosso-belo-reino-Teatro-Documentario-Credito-Joao-Hannuch-2-1536x1025.jpg 1536w, https:\/\/ciateatrodocumentario.com.br\/wp-content\/uploads\/2025\/04\/Este-vasto-terco-de-nosso-belo-reino-Teatro-Documentario-Credito-Joao-Hannuch-2-2048x1367.jpg 2048w\" sizes=\"(max-width: 843px) 100vw, 843px\" \/>\t\t\t\t\t\t\t\t\t\t\t\t\t\t\t<\/div>\n\t\t\t\t<\/div>\n\t\t\t\t\t<\/div>\n\t\t\t\t<\/div>\n\t\t<div class=\"elementor-element elementor-element-134c9d6 e-flex e-con-boxed e-con e-parent\" data-id=\"134c9d6\" data-element_type=\"container\">\n\t\t\t\t\t<div class=\"e-con-inner\">\n\t\t\t\t<div class=\"elementor-element elementor-element-44d5530 elementor-widget elementor-widget-image\" data-id=\"44d5530\" data-element_type=\"widget\" data-widget_type=\"image.default\">\n\t\t\t\t<div class=\"elementor-widget-container\">\n\t\t\t\t\t\t\t\t\t\t\t\t\t\t\t<img decoding=\"async\" width=\"843\" height=\"563\" src=\"https:\/\/ciateatrodocumentario.com.br\/wp-content\/uploads\/2025\/04\/1073967_387714014661952_725629055_o-2-1024x684.jpg\" class=\"attachment-large size-large wp-image-282\" alt=\"\" srcset=\"https:\/\/ciateatrodocumentario.com.br\/wp-content\/uploads\/2025\/04\/1073967_387714014661952_725629055_o-2-1024x684.jpg 1024w, https:\/\/ciateatrodocumentario.com.br\/wp-content\/uploads\/2025\/04\/1073967_387714014661952_725629055_o-2-300x200.jpg 300w, https:\/\/ciateatrodocumentario.com.br\/wp-content\/uploads\/2025\/04\/1073967_387714014661952_725629055_o-2-768x513.jpg 768w, https:\/\/ciateatrodocumentario.com.br\/wp-content\/uploads\/2025\/04\/1073967_387714014661952_725629055_o-2-1536x1025.jpg 1536w, https:\/\/ciateatrodocumentario.com.br\/wp-content\/uploads\/2025\/04\/1073967_387714014661952_725629055_o-2.jpg 2048w\" sizes=\"(max-width: 843px) 100vw, 843px\" \/>\t\t\t\t\t\t\t\t\t\t\t\t\t\t\t<\/div>\n\t\t\t\t<\/div>\n\t\t\t\t\t<\/div>\n\t\t\t\t<\/div>\n\t\t<div class=\"elementor-element elementor-element-601aa0f e-flex e-con-boxed e-con e-parent\" data-id=\"601aa0f\" data-element_type=\"container\">\n\t\t\t\t\t<div class=\"e-con-inner\">\n\t\t\t\t<div class=\"elementor-element elementor-element-bb1c008 elementor-widget elementor-widget-image\" data-id=\"bb1c008\" data-element_type=\"widget\" data-widget_type=\"image.default\">\n\t\t\t\t<div class=\"elementor-widget-container\">\n\t\t\t\t\t\t\t\t\t\t\t\t\t\t\t<img loading=\"lazy\" decoding=\"async\" width=\"843\" height=\"563\" src=\"https:\/\/ciateatrodocumentario.com.br\/wp-content\/uploads\/2025\/04\/Este-vasto-terco-de-nosso-belo-reino-Teatro-Documentario-Credito-Joao-Hannuch-2-3-1024x684.jpg\" class=\"attachment-large size-large wp-image-280\" alt=\"\" srcset=\"https:\/\/ciateatrodocumentario.com.br\/wp-content\/uploads\/2025\/04\/Este-vasto-terco-de-nosso-belo-reino-Teatro-Documentario-Credito-Joao-Hannuch-2-3-1024x684.jpg 1024w, https:\/\/ciateatrodocumentario.com.br\/wp-content\/uploads\/2025\/04\/Este-vasto-terco-de-nosso-belo-reino-Teatro-Documentario-Credito-Joao-Hannuch-2-3-300x200.jpg 300w, https:\/\/ciateatrodocumentario.com.br\/wp-content\/uploads\/2025\/04\/Este-vasto-terco-de-nosso-belo-reino-Teatro-Documentario-Credito-Joao-Hannuch-2-3-768x513.jpg 768w, https:\/\/ciateatrodocumentario.com.br\/wp-content\/uploads\/2025\/04\/Este-vasto-terco-de-nosso-belo-reino-Teatro-Documentario-Credito-Joao-Hannuch-2-3-1536x1025.jpg 1536w, https:\/\/ciateatrodocumentario.com.br\/wp-content\/uploads\/2025\/04\/Este-vasto-terco-de-nosso-belo-reino-Teatro-Documentario-Credito-Joao-Hannuch-2-3.jpg 2048w\" sizes=\"(max-width: 843px) 100vw, 843px\" \/>\t\t\t\t\t\t\t\t\t\t\t\t\t\t\t<\/div>\n\t\t\t\t<\/div>\n\t\t\t\t\t<\/div>\n\t\t\t\t<\/div>\n\t\t<div class=\"elementor-element elementor-element-039e7af e-flex e-con-boxed e-con e-parent\" data-id=\"039e7af\" data-element_type=\"container\">\n\t\t\t\t\t<div class=\"e-con-inner\">\n\t\t\t\t<div class=\"elementor-element elementor-element-6984a16 elementor-widget elementor-widget-image\" data-id=\"6984a16\" data-element_type=\"widget\" data-widget_type=\"image.default\">\n\t\t\t\t<div class=\"elementor-widget-container\">\n\t\t\t\t\t\t\t\t\t\t\t\t\t\t\t<img loading=\"lazy\" decoding=\"async\" width=\"843\" height=\"563\" src=\"https:\/\/ciateatrodocumentario.com.br\/wp-content\/uploads\/2025\/04\/1073911_387716654661688_1367654650_o-2-1024x684.jpg\" class=\"attachment-large size-large wp-image-279\" alt=\"\" srcset=\"https:\/\/ciateatrodocumentario.com.br\/wp-content\/uploads\/2025\/04\/1073911_387716654661688_1367654650_o-2-1024x684.jpg 1024w, https:\/\/ciateatrodocumentario.com.br\/wp-content\/uploads\/2025\/04\/1073911_387716654661688_1367654650_o-2-300x200.jpg 300w, https:\/\/ciateatrodocumentario.com.br\/wp-content\/uploads\/2025\/04\/1073911_387716654661688_1367654650_o-2-768x513.jpg 768w, https:\/\/ciateatrodocumentario.com.br\/wp-content\/uploads\/2025\/04\/1073911_387716654661688_1367654650_o-2-1536x1025.jpg 1536w, https:\/\/ciateatrodocumentario.com.br\/wp-content\/uploads\/2025\/04\/1073911_387716654661688_1367654650_o-2.jpg 2048w\" sizes=\"(max-width: 843px) 100vw, 843px\" \/>\t\t\t\t\t\t\t\t\t\t\t\t\t\t\t<\/div>\n\t\t\t\t<\/div>\n\t\t\t\t\t<\/div>\n\t\t\t\t<\/div>\n\t\t\t\t<\/div>\n\t\t","protected":false},"excerpt":{"rendered":"<p>Com o projeto intitulado Mapear Hist\u00f3rias, ou como disse Guimar\u00e3es, o real n\u00e3o est\u00e1 na sa\u00edda nem na chegada: ele se disp\u00f5e para a gente&hellip;<\/p>\n","protected":false},"author":1,"featured_media":0,"parent":0,"menu_order":0,"comment_status":"closed","ping_status":"closed","template":"","meta":{"_eb_attr":"","footnotes":""},"class_list":["post-276","page","type-page","status-publish","hentry"],"_links":{"self":[{"href":"https:\/\/ciateatrodocumentario.com.br\/index.php?rest_route=\/wp\/v2\/pages\/276","targetHints":{"allow":["GET"]}}],"collection":[{"href":"https:\/\/ciateatrodocumentario.com.br\/index.php?rest_route=\/wp\/v2\/pages"}],"about":[{"href":"https:\/\/ciateatrodocumentario.com.br\/index.php?rest_route=\/wp\/v2\/types\/page"}],"author":[{"embeddable":true,"href":"https:\/\/ciateatrodocumentario.com.br\/index.php?rest_route=\/wp\/v2\/users\/1"}],"replies":[{"embeddable":true,"href":"https:\/\/ciateatrodocumentario.com.br\/index.php?rest_route=%2Fwp%2Fv2%2Fcomments&post=276"}],"version-history":[{"count":5,"href":"https:\/\/ciateatrodocumentario.com.br\/index.php?rest_route=\/wp\/v2\/pages\/276\/revisions"}],"predecessor-version":[{"id":286,"href":"https:\/\/ciateatrodocumentario.com.br\/index.php?rest_route=\/wp\/v2\/pages\/276\/revisions\/286"}],"wp:attachment":[{"href":"https:\/\/ciateatrodocumentario.com.br\/index.php?rest_route=%2Fwp%2Fv2%2Fmedia&parent=276"}],"curies":[{"name":"wp","href":"https:\/\/api.w.org\/{rel}","templated":true}]}}