{"id":255,"date":"2025-04-27T17:50:27","date_gmt":"2025-04-27T20:50:27","guid":{"rendered":"http:\/\/ciateatrodocumentario.com.br\/?page_id=255"},"modified":"2025-04-27T17:57:37","modified_gmt":"2025-04-27T20:57:37","slug":"elementor-255","status":"publish","type":"page","link":"https:\/\/ciateatrodocumentario.com.br\/?page_id=255","title":{"rendered":""},"content":{"rendered":"\t\t<div data-elementor-type=\"wp-page\" data-elementor-id=\"255\" class=\"elementor elementor-255\">\n\t\t\t\t<div class=\"elementor-element elementor-element-26bb537 e-flex e-con-boxed e-con e-parent\" data-id=\"26bb537\" data-element_type=\"container\">\n\t\t\t\t\t<div class=\"e-con-inner\">\n\t\t\t\t<div class=\"elementor-element elementor-element-670ec01 elementor-widget elementor-widget-image\" data-id=\"670ec01\" data-element_type=\"widget\" data-widget_type=\"image.default\">\n\t\t\t\t<div class=\"elementor-widget-container\">\n\t\t\t\t\t\t\t\t\t\t\t\t\t\t\t<img fetchpriority=\"high\" decoding=\"async\" width=\"843\" height=\"211\" src=\"https:\/\/ciateatrodocumentario.com.br\/wp-content\/uploads\/2025\/04\/Cabecalho-para-Google-Glassroom-Literatura-Infantil-Aquarela-4-1024x256.png\" class=\"attachment-large size-large wp-image-257\" alt=\"\" srcset=\"https:\/\/ciateatrodocumentario.com.br\/wp-content\/uploads\/2025\/04\/Cabecalho-para-Google-Glassroom-Literatura-Infantil-Aquarela-4-1024x256.png 1024w, https:\/\/ciateatrodocumentario.com.br\/wp-content\/uploads\/2025\/04\/Cabecalho-para-Google-Glassroom-Literatura-Infantil-Aquarela-4-300x75.png 300w, https:\/\/ciateatrodocumentario.com.br\/wp-content\/uploads\/2025\/04\/Cabecalho-para-Google-Glassroom-Literatura-Infantil-Aquarela-4-768x192.png 768w, https:\/\/ciateatrodocumentario.com.br\/wp-content\/uploads\/2025\/04\/Cabecalho-para-Google-Glassroom-Literatura-Infantil-Aquarela-4-1536x384.png 1536w, https:\/\/ciateatrodocumentario.com.br\/wp-content\/uploads\/2025\/04\/Cabecalho-para-Google-Glassroom-Literatura-Infantil-Aquarela-4.png 1920w\" sizes=\"(max-width: 843px) 100vw, 843px\" \/>\t\t\t\t\t\t\t\t\t\t\t\t\t\t\t<\/div>\n\t\t\t\t<\/div>\n\t\t\t\t\t<\/div>\n\t\t\t\t<\/div>\n\t\t<div class=\"elementor-element elementor-element-e1ecdc1 e-flex e-con-boxed e-con e-parent\" data-id=\"e1ecdc1\" data-element_type=\"container\">\n\t\t\t\t\t<div class=\"e-con-inner\">\n\t\t\t\t<div class=\"elementor-element elementor-element-dd8b15e elementor-widget elementor-widget-text-editor\" data-id=\"dd8b15e\" data-element_type=\"widget\" data-widget_type=\"text-editor.default\">\n\t\t\t\t<div class=\"elementor-widget-container\">\n\t\t\t\t\t\t\t\t\t<p><span style=\"font-weight: 400;\">Em abril de 2010, o nosso primeiro projeto <\/span><strong><i>Como se pode brotar poesia na casa da gente?<\/i><\/strong><span style=\"font-weight: 400;\"> foi contemplado pela 16\u00aa Edi\u00e7\u00e3o da Lei de Fomento ao Teatro para a Cidade de S\u00e3o Paulo. A Cia. desenvolveu uma pesquisa cujas pr\u00e1ticas mais marcantes referiam-se \u00e0s interven\u00e7\u00f5es c\u00eanicas de car\u00e1ter documental realizadas nas regi\u00f5es leste, norte, sul e oeste da cidade, dentro de resid\u00eancias de pessoas dispostas a abrirem suas casas para apresenta\u00e7\u00f5es teatrais. O document\u00e1rio c\u00eanico, que partia do relato dos moradores sobre a rotina da casa e a rela\u00e7\u00e3o deles com a cidade, era apresentado para a vizinhan\u00e7a e familiares. Depois de in\u00fameras a\u00e7\u00f5es que motivaram os encontros, foi na Casa do Teatro Document\u00e1rio que, ao final do processo, centralizamos as lembran\u00e7as de nossa viv\u00eancia\/trajet\u00f3ria pelos quatro cantos da cidade numa encena\u00e7\u00e3o intitulada <\/span><i><span style=\"font-weight: 400;\">Pret\u00e9rito Imperfeito<\/span><\/i><span style=\"font-weight: 400;\">, que inclusive contou com a participa\u00e7\u00e3o na \u00faltima cena de Ivanil, documentado da Zona Leste.<\/span><\/p>\t\t\t\t\t\t\t\t<\/div>\n\t\t\t\t<\/div>\n\t\t\t\t\t<\/div>\n\t\t\t\t<\/div>\n\t\t<div class=\"elementor-element elementor-element-c04ba5f e-flex e-con-boxed e-con e-parent\" data-id=\"c04ba5f\" data-element_type=\"container\">\n\t\t\t\t\t<div class=\"e-con-inner\">\n\t\t\t\t<div class=\"elementor-element elementor-element-1509c35 elementor-widget elementor-widget-image\" data-id=\"1509c35\" data-element_type=\"widget\" data-widget_type=\"image.default\">\n\t\t\t\t<div class=\"elementor-widget-container\">\n\t\t\t\t\t\t\t\t\t\t\t\t\t\t\t<img decoding=\"async\" width=\"640\" height=\"960\" src=\"https:\/\/ciateatrodocumentario.com.br\/wp-content\/uploads\/2025\/04\/WhatsApp-Image-2025-04-27-at-17.30.34.jpeg\" class=\"attachment-large size-large wp-image-267\" alt=\"\" srcset=\"https:\/\/ciateatrodocumentario.com.br\/wp-content\/uploads\/2025\/04\/WhatsApp-Image-2025-04-27-at-17.30.34.jpeg 640w, https:\/\/ciateatrodocumentario.com.br\/wp-content\/uploads\/2025\/04\/WhatsApp-Image-2025-04-27-at-17.30.34-200x300.jpeg 200w\" sizes=\"(max-width: 640px) 100vw, 640px\" \/>\t\t\t\t\t\t\t\t\t\t\t\t\t\t\t<\/div>\n\t\t\t\t<\/div>\n\t\t\t\t\t<\/div>\n\t\t\t\t<\/div>\n\t\t<div class=\"elementor-element elementor-element-2b4bdec e-flex e-con-boxed e-con e-parent\" data-id=\"2b4bdec\" data-element_type=\"container\">\n\t\t\t\t\t<div class=\"e-con-inner\">\n\t\t\t\t<div class=\"elementor-element elementor-element-c4bf1db elementor-widget elementor-widget-image\" data-id=\"c4bf1db\" data-element_type=\"widget\" data-widget_type=\"image.default\">\n\t\t\t\t<div class=\"elementor-widget-container\">\n\t\t\t\t\t\t\t\t\t\t\t\t\t\t\t<img decoding=\"async\" width=\"640\" height=\"960\" src=\"https:\/\/ciateatrodocumentario.com.br\/wp-content\/uploads\/2025\/04\/WhatsApp-Image-2025-04-27-at-17.30.34-1.jpeg\" class=\"attachment-large size-large wp-image-266\" alt=\"\" srcset=\"https:\/\/ciateatrodocumentario.com.br\/wp-content\/uploads\/2025\/04\/WhatsApp-Image-2025-04-27-at-17.30.34-1.jpeg 640w, https:\/\/ciateatrodocumentario.com.br\/wp-content\/uploads\/2025\/04\/WhatsApp-Image-2025-04-27-at-17.30.34-1-200x300.jpeg 200w\" sizes=\"(max-width: 640px) 100vw, 640px\" \/>\t\t\t\t\t\t\t\t\t\t\t\t\t\t\t<\/div>\n\t\t\t\t<\/div>\n\t\t\t\t\t<\/div>\n\t\t\t\t<\/div>\n\t\t<div class=\"elementor-element elementor-element-5fae4c1 e-flex e-con-boxed e-con e-parent\" data-id=\"5fae4c1\" data-element_type=\"container\">\n\t\t\t\t\t<div class=\"e-con-inner\">\n\t\t\t\t<div class=\"elementor-element elementor-element-47ad182 elementor-widget elementor-widget-image\" data-id=\"47ad182\" data-element_type=\"widget\" data-widget_type=\"image.default\">\n\t\t\t\t<div class=\"elementor-widget-container\">\n\t\t\t\t\t\t\t\t\t\t\t\t\t\t\t<img loading=\"lazy\" decoding=\"async\" width=\"640\" height=\"960\" src=\"https:\/\/ciateatrodocumentario.com.br\/wp-content\/uploads\/2025\/04\/WhatsApp-Image-2025-04-27-at-17.30.35.jpeg\" class=\"attachment-large size-large wp-image-264\" alt=\"\" srcset=\"https:\/\/ciateatrodocumentario.com.br\/wp-content\/uploads\/2025\/04\/WhatsApp-Image-2025-04-27-at-17.30.35.jpeg 640w, https:\/\/ciateatrodocumentario.com.br\/wp-content\/uploads\/2025\/04\/WhatsApp-Image-2025-04-27-at-17.30.35-200x300.jpeg 200w\" sizes=\"(max-width: 640px) 100vw, 640px\" \/>\t\t\t\t\t\t\t\t\t\t\t\t\t\t\t<\/div>\n\t\t\t\t<\/div>\n\t\t\t\t\t<\/div>\n\t\t\t\t<\/div>\n\t\t<div class=\"elementor-element elementor-element-f1966f6 e-flex e-con-boxed e-con e-parent\" data-id=\"f1966f6\" data-element_type=\"container\">\n\t\t\t\t\t<div class=\"e-con-inner\">\n\t\t\t\t<div class=\"elementor-element elementor-element-f97d74d elementor-widget elementor-widget-image\" data-id=\"f97d74d\" data-element_type=\"widget\" data-widget_type=\"image.default\">\n\t\t\t\t<div class=\"elementor-widget-container\">\n\t\t\t\t\t\t\t\t\t\t\t\t\t\t\t<img loading=\"lazy\" decoding=\"async\" width=\"843\" height=\"562\" src=\"https:\/\/ciateatrodocumentario.com.br\/wp-content\/uploads\/2025\/04\/WhatsApp-Image-2025-04-27-at-17.30.35-3.jpeg\" class=\"attachment-large size-large wp-image-261\" alt=\"\" srcset=\"https:\/\/ciateatrodocumentario.com.br\/wp-content\/uploads\/2025\/04\/WhatsApp-Image-2025-04-27-at-17.30.35-3.jpeg 960w, https:\/\/ciateatrodocumentario.com.br\/wp-content\/uploads\/2025\/04\/WhatsApp-Image-2025-04-27-at-17.30.35-3-300x200.jpeg 300w, https:\/\/ciateatrodocumentario.com.br\/wp-content\/uploads\/2025\/04\/WhatsApp-Image-2025-04-27-at-17.30.35-3-768x512.jpeg 768w\" sizes=\"(max-width: 843px) 100vw, 843px\" \/>\t\t\t\t\t\t\t\t\t\t\t\t\t\t\t<\/div>\n\t\t\t\t<\/div>\n\t\t\t\t\t<\/div>\n\t\t\t\t<\/div>\n\t\t<div class=\"elementor-element elementor-element-433258b e-flex e-con-boxed e-con e-parent\" data-id=\"433258b\" data-element_type=\"container\">\n\t\t\t\t\t<div class=\"e-con-inner\">\n\t\t\t\t<div class=\"elementor-element elementor-element-6e2bbe5 elementor-widget elementor-widget-image\" data-id=\"6e2bbe5\" data-element_type=\"widget\" data-widget_type=\"image.default\">\n\t\t\t\t<div class=\"elementor-widget-container\">\n\t\t\t\t\t\t\t\t\t\t\t\t\t\t\t<img loading=\"lazy\" decoding=\"async\" width=\"843\" height=\"562\" src=\"https:\/\/ciateatrodocumentario.com.br\/wp-content\/uploads\/2025\/04\/WhatsApp-Image-2025-04-27-at-17.30.34-2.jpeg\" class=\"attachment-large size-large wp-image-265\" alt=\"\" srcset=\"https:\/\/ciateatrodocumentario.com.br\/wp-content\/uploads\/2025\/04\/WhatsApp-Image-2025-04-27-at-17.30.34-2.jpeg 960w, https:\/\/ciateatrodocumentario.com.br\/wp-content\/uploads\/2025\/04\/WhatsApp-Image-2025-04-27-at-17.30.34-2-300x200.jpeg 300w, https:\/\/ciateatrodocumentario.com.br\/wp-content\/uploads\/2025\/04\/WhatsApp-Image-2025-04-27-at-17.30.34-2-768x512.jpeg 768w\" sizes=\"(max-width: 843px) 100vw, 843px\" \/>\t\t\t\t\t\t\t\t\t\t\t\t\t\t\t<\/div>\n\t\t\t\t<\/div>\n\t\t\t\t\t<\/div>\n\t\t\t\t<\/div>\n\t\t<div class=\"elementor-element elementor-element-617ecce e-flex e-con-boxed e-con e-parent\" data-id=\"617ecce\" data-element_type=\"container\">\n\t\t\t\t\t<div class=\"e-con-inner\">\n\t\t\t\t<div class=\"elementor-element elementor-element-bb574ca elementor-widget elementor-widget-image\" data-id=\"bb574ca\" data-element_type=\"widget\" data-widget_type=\"image.default\">\n\t\t\t\t<div class=\"elementor-widget-container\">\n\t\t\t\t\t\t\t\t\t\t\t\t\t\t\t<img loading=\"lazy\" decoding=\"async\" width=\"843\" height=\"633\" src=\"https:\/\/ciateatrodocumentario.com.br\/wp-content\/uploads\/2025\/04\/WhatsApp-Image-2025-04-27-at-17.30.35-1.jpeg\" class=\"attachment-large size-large wp-image-263\" alt=\"\" srcset=\"https:\/\/ciateatrodocumentario.com.br\/wp-content\/uploads\/2025\/04\/WhatsApp-Image-2025-04-27-at-17.30.35-1.jpeg 960w, https:\/\/ciateatrodocumentario.com.br\/wp-content\/uploads\/2025\/04\/WhatsApp-Image-2025-04-27-at-17.30.35-1-300x225.jpeg 300w, https:\/\/ciateatrodocumentario.com.br\/wp-content\/uploads\/2025\/04\/WhatsApp-Image-2025-04-27-at-17.30.35-1-768x577.jpeg 768w\" sizes=\"(max-width: 843px) 100vw, 843px\" \/>\t\t\t\t\t\t\t\t\t\t\t\t\t\t\t<\/div>\n\t\t\t\t<\/div>\n\t\t\t\t\t<\/div>\n\t\t\t\t<\/div>\n\t\t<div class=\"elementor-element elementor-element-d93cdc4 e-flex e-con-boxed e-con e-parent\" data-id=\"d93cdc4\" data-element_type=\"container\">\n\t\t\t\t\t<div class=\"e-con-inner\">\n\t\t\t\t<div class=\"elementor-element elementor-element-becf7e5 elementor-widget elementor-widget-image\" data-id=\"becf7e5\" data-element_type=\"widget\" data-widget_type=\"image.default\">\n\t\t\t\t<div class=\"elementor-widget-container\">\n\t\t\t\t\t\t\t\t\t\t\t\t\t\t\t<img loading=\"lazy\" decoding=\"async\" width=\"843\" height=\"562\" src=\"https:\/\/ciateatrodocumentario.com.br\/wp-content\/uploads\/2025\/04\/WhatsApp-Image-2025-04-27-at-17.30.35-2.jpeg\" class=\"attachment-large size-large wp-image-262\" alt=\"\" srcset=\"https:\/\/ciateatrodocumentario.com.br\/wp-content\/uploads\/2025\/04\/WhatsApp-Image-2025-04-27-at-17.30.35-2.jpeg 960w, https:\/\/ciateatrodocumentario.com.br\/wp-content\/uploads\/2025\/04\/WhatsApp-Image-2025-04-27-at-17.30.35-2-300x200.jpeg 300w, https:\/\/ciateatrodocumentario.com.br\/wp-content\/uploads\/2025\/04\/WhatsApp-Image-2025-04-27-at-17.30.35-2-768x512.jpeg 768w\" sizes=\"(max-width: 843px) 100vw, 843px\" \/>\t\t\t\t\t\t\t\t\t\t\t\t\t\t\t<\/div>\n\t\t\t\t<\/div>\n\t\t\t\t\t<\/div>\n\t\t\t\t<\/div>\n\t\t<div class=\"elementor-element elementor-element-c9be634 e-flex e-con-boxed e-con e-parent\" data-id=\"c9be634\" data-element_type=\"container\">\n\t\t\t\t\t<div class=\"e-con-inner\">\n\t\t\t\t<div class=\"elementor-element elementor-element-98a7ec0 elementor-widget elementor-widget-image\" data-id=\"98a7ec0\" data-element_type=\"widget\" data-widget_type=\"image.default\">\n\t\t\t\t<div class=\"elementor-widget-container\">\n\t\t\t\t\t\t\t\t\t\t\t\t\t\t\t<img loading=\"lazy\" decoding=\"async\" width=\"843\" height=\"562\" src=\"https:\/\/ciateatrodocumentario.com.br\/wp-content\/uploads\/2025\/04\/WhatsApp-Image-2025-04-27-at-17.30.35-4.jpeg\" class=\"attachment-large size-large wp-image-260\" alt=\"\" srcset=\"https:\/\/ciateatrodocumentario.com.br\/wp-content\/uploads\/2025\/04\/WhatsApp-Image-2025-04-27-at-17.30.35-4.jpeg 960w, https:\/\/ciateatrodocumentario.com.br\/wp-content\/uploads\/2025\/04\/WhatsApp-Image-2025-04-27-at-17.30.35-4-300x200.jpeg 300w, https:\/\/ciateatrodocumentario.com.br\/wp-content\/uploads\/2025\/04\/WhatsApp-Image-2025-04-27-at-17.30.35-4-768x512.jpeg 768w\" sizes=\"(max-width: 843px) 100vw, 843px\" \/>\t\t\t\t\t\t\t\t\t\t\t\t\t\t\t<\/div>\n\t\t\t\t<\/div>\n\t\t\t\t\t<\/div>\n\t\t\t\t<\/div>\n\t\t<div class=\"elementor-element elementor-element-b446f06 e-flex e-con-boxed e-con e-parent\" data-id=\"b446f06\" data-element_type=\"container\">\n\t\t\t\t\t<div class=\"e-con-inner\">\n\t\t\t\t<div class=\"elementor-element elementor-element-b94ee43 elementor-widget elementor-widget-image\" data-id=\"b94ee43\" data-element_type=\"widget\" data-widget_type=\"image.default\">\n\t\t\t\t<div class=\"elementor-widget-container\">\n\t\t\t\t\t\t\t\t\t\t\t\t\t\t\t<img loading=\"lazy\" decoding=\"async\" width=\"843\" height=\"471\" src=\"https:\/\/ciateatrodocumentario.com.br\/wp-content\/uploads\/2025\/04\/WhatsApp-Image-2025-04-27-at-17.30.35-5.jpeg\" class=\"attachment-large size-large wp-image-259\" alt=\"\" srcset=\"https:\/\/ciateatrodocumentario.com.br\/wp-content\/uploads\/2025\/04\/WhatsApp-Image-2025-04-27-at-17.30.35-5.jpeg 960w, https:\/\/ciateatrodocumentario.com.br\/wp-content\/uploads\/2025\/04\/WhatsApp-Image-2025-04-27-at-17.30.35-5-300x168.jpeg 300w, https:\/\/ciateatrodocumentario.com.br\/wp-content\/uploads\/2025\/04\/WhatsApp-Image-2025-04-27-at-17.30.35-5-768x429.jpeg 768w\" sizes=\"(max-width: 843px) 100vw, 843px\" \/>\t\t\t\t\t\t\t\t\t\t\t\t\t\t\t<\/div>\n\t\t\t\t<\/div>\n\t\t\t\t\t<\/div>\n\t\t\t\t<\/div>\n\t\t<div class=\"elementor-element elementor-element-8d3c8b8 e-flex e-con-boxed e-con e-parent\" data-id=\"8d3c8b8\" data-element_type=\"container\">\n\t\t\t\t\t<div class=\"e-con-inner\">\n\t\t\t\t<div class=\"elementor-element elementor-element-0175f5e elementor-widget elementor-widget-image\" data-id=\"0175f5e\" data-element_type=\"widget\" data-widget_type=\"image.default\">\n\t\t\t\t<div class=\"elementor-widget-container\">\n\t\t\t\t\t\t\t\t\t\t\t\t\t\t\t<img loading=\"lazy\" decoding=\"async\" width=\"843\" height=\"474\" src=\"https:\/\/ciateatrodocumentario.com.br\/wp-content\/uploads\/2025\/04\/WhatsApp-Image-2025-04-27-at-17.30.36.jpeg\" class=\"attachment-large size-large wp-image-258\" alt=\"\" srcset=\"https:\/\/ciateatrodocumentario.com.br\/wp-content\/uploads\/2025\/04\/WhatsApp-Image-2025-04-27-at-17.30.36.jpeg 960w, https:\/\/ciateatrodocumentario.com.br\/wp-content\/uploads\/2025\/04\/WhatsApp-Image-2025-04-27-at-17.30.36-300x169.jpeg 300w, https:\/\/ciateatrodocumentario.com.br\/wp-content\/uploads\/2025\/04\/WhatsApp-Image-2025-04-27-at-17.30.36-768x432.jpeg 768w\" sizes=\"(max-width: 843px) 100vw, 843px\" \/>\t\t\t\t\t\t\t\t\t\t\t\t\t\t\t<\/div>\n\t\t\t\t<\/div>\n\t\t\t\t\t<\/div>\n\t\t\t\t<\/div>\n\t\t\t\t<\/div>\n\t\t","protected":false},"excerpt":{"rendered":"<p>Em abril de 2010, o nosso primeiro projeto Como se pode brotar poesia na casa da gente? foi contemplado pela 16\u00aa Edi\u00e7\u00e3o da Lei de&hellip;<\/p>\n","protected":false},"author":1,"featured_media":0,"parent":0,"menu_order":0,"comment_status":"closed","ping_status":"closed","template":"","meta":{"_eb_attr":"","footnotes":""},"class_list":["post-255","page","type-page","status-publish","hentry"],"_links":{"self":[{"href":"https:\/\/ciateatrodocumentario.com.br\/index.php?rest_route=\/wp\/v2\/pages\/255","targetHints":{"allow":["GET"]}}],"collection":[{"href":"https:\/\/ciateatrodocumentario.com.br\/index.php?rest_route=\/wp\/v2\/pages"}],"about":[{"href":"https:\/\/ciateatrodocumentario.com.br\/index.php?rest_route=\/wp\/v2\/types\/page"}],"author":[{"embeddable":true,"href":"https:\/\/ciateatrodocumentario.com.br\/index.php?rest_route=\/wp\/v2\/users\/1"}],"replies":[{"embeddable":true,"href":"https:\/\/ciateatrodocumentario.com.br\/index.php?rest_route=%2Fwp%2Fv2%2Fcomments&post=255"}],"version-history":[{"count":5,"href":"https:\/\/ciateatrodocumentario.com.br\/index.php?rest_route=\/wp\/v2\/pages\/255\/revisions"}],"predecessor-version":[{"id":271,"href":"https:\/\/ciateatrodocumentario.com.br\/index.php?rest_route=\/wp\/v2\/pages\/255\/revisions\/271"}],"wp:attachment":[{"href":"https:\/\/ciateatrodocumentario.com.br\/index.php?rest_route=%2Fwp%2Fv2%2Fmedia&parent=255"}],"curies":[{"name":"wp","href":"https:\/\/api.w.org\/{rel}","templated":true}]}}