{"id":237,"date":"2025-04-26T23:32:55","date_gmt":"2025-04-27T02:32:55","guid":{"rendered":"https:\/\/ciateatrodocumentario.com.br\/?page_id=237"},"modified":"2025-04-27T00:36:29","modified_gmt":"2025-04-27T03:36:29","slug":"desde-quando-eu-ainda-era-travesti-ou-lamentos-do-palacio-das-princesas","status":"publish","type":"page","link":"https:\/\/ciateatrodocumentario.com.br\/?page_id=237","title":{"rendered":""},"content":{"rendered":"\t\t<div data-elementor-type=\"wp-page\" data-elementor-id=\"237\" class=\"elementor elementor-237\">\n\t\t\t\t<div class=\"elementor-element elementor-element-ff68dad e-flex e-con-boxed e-con e-parent\" data-id=\"ff68dad\" data-element_type=\"container\">\n\t\t\t\t\t<div class=\"e-con-inner\">\n\t\t\t\t<div class=\"elementor-element elementor-element-b0e814a elementor-widget elementor-widget-image\" data-id=\"b0e814a\" data-element_type=\"widget\" data-widget_type=\"image.default\">\n\t\t\t\t<div class=\"elementor-widget-container\">\n\t\t\t\t\t\t\t\t\t\t\t\t\t\t\t<img fetchpriority=\"high\" decoding=\"async\" width=\"843\" height=\"211\" src=\"https:\/\/ciateatrodocumentario.com.br\/wp-content\/uploads\/2025\/04\/Cabecalho-para-Google-Glassroom-Literatura-Infantil-Aquarela-3-1024x256.png\" class=\"attachment-large size-large wp-image-240\" alt=\"\" srcset=\"https:\/\/ciateatrodocumentario.com.br\/wp-content\/uploads\/2025\/04\/Cabecalho-para-Google-Glassroom-Literatura-Infantil-Aquarela-3-1024x256.png 1024w, https:\/\/ciateatrodocumentario.com.br\/wp-content\/uploads\/2025\/04\/Cabecalho-para-Google-Glassroom-Literatura-Infantil-Aquarela-3-300x75.png 300w, https:\/\/ciateatrodocumentario.com.br\/wp-content\/uploads\/2025\/04\/Cabecalho-para-Google-Glassroom-Literatura-Infantil-Aquarela-3-768x192.png 768w, https:\/\/ciateatrodocumentario.com.br\/wp-content\/uploads\/2025\/04\/Cabecalho-para-Google-Glassroom-Literatura-Infantil-Aquarela-3-1536x384.png 1536w, https:\/\/ciateatrodocumentario.com.br\/wp-content\/uploads\/2025\/04\/Cabecalho-para-Google-Glassroom-Literatura-Infantil-Aquarela-3.png 1920w\" sizes=\"(max-width: 843px) 100vw, 843px\" \/>\t\t\t\t\t\t\t\t\t\t\t\t\t\t\t<\/div>\n\t\t\t\t<\/div>\n\t\t\t\t\t<\/div>\n\t\t\t\t<\/div>\n\t\t<div class=\"elementor-element elementor-element-12baccf e-flex e-con-boxed e-con e-parent\" data-id=\"12baccf\" data-element_type=\"container\">\n\t\t\t\t\t<div class=\"e-con-inner\">\n\t\t\t\t<div class=\"elementor-element elementor-element-850015e elementor-widget elementor-widget-text-editor\" data-id=\"850015e\" data-element_type=\"widget\" data-widget_type=\"text-editor.default\">\n\t\t\t\t<div class=\"elementor-widget-container\">\n\t\t\t\t\t\t\t\t\t<p><span style=\"font-weight: 400;\">O primeiro trabalho apresentado pela Cia. Teatro Document\u00e1rio foi um estudo c\u00eanico intitulado<\/span><i><span style=\"font-weight: 400;\"> Desde quando eu ainda era Travesti ou Lamento do Pal\u00e1cio das Princesas<\/span><\/i><span style=\"font-weight: 400;\">, na s\u00e9rie Experimentos do TUSP (2007). O experimento de cunho document\u00e1rio trouxe a trajet\u00f3ria de Luiz Laureano, que se travestiu aos 14 anos, depois passou um per\u00edodo na Europa se prostituindo e ao voltar ao Brasil decidiu tirar os seios e tomar horm\u00f4nios masculinos para novamente se vestir de homem. Tomamos o relato de Laureano para discutirmos cenicamente uma afirma\u00e7\u00e3o feita por ele: \u00e9 dif\u00edcil ser mulher no Brasil. O olhar do travesti (homem) sobre a quest\u00e3o de g\u00eanero em nosso pa\u00eds foi o que nos impulsionou a construirmos o discurso c\u00eanico.\u00a0<\/span><\/p>\t\t\t\t\t\t\t\t<\/div>\n\t\t\t\t<\/div>\n\t\t\t\t\t<\/div>\n\t\t\t\t<\/div>\n\t\t<div class=\"elementor-element elementor-element-1a9544e e-flex e-con-boxed e-con e-parent\" data-id=\"1a9544e\" data-element_type=\"container\">\n\t\t\t\t\t<div class=\"e-con-inner\">\n\t\t<div class=\"elementor-element elementor-element-cd31140 e-con-full e-flex e-con e-child\" data-id=\"cd31140\" data-element_type=\"container\">\n\t\t\t\t<div class=\"elementor-element elementor-element-deb99ca elementor-widget elementor-widget-image\" data-id=\"deb99ca\" data-element_type=\"widget\" data-widget_type=\"image.default\">\n\t\t\t\t<div class=\"elementor-widget-container\">\n\t\t\t\t\t\t\t\t\t\t\t\t\t\t\t<img decoding=\"async\" width=\"843\" height=\"843\" src=\"https:\/\/ciateatrodocumentario.com.br\/wp-content\/uploads\/2025\/04\/Clique-1024x1024.png\" class=\"attachment-large size-large wp-image-233\" alt=\"\" srcset=\"https:\/\/ciateatrodocumentario.com.br\/wp-content\/uploads\/2025\/04\/Clique-1024x1024.png 1024w, https:\/\/ciateatrodocumentario.com.br\/wp-content\/uploads\/2025\/04\/Clique-300x300.png 300w, https:\/\/ciateatrodocumentario.com.br\/wp-content\/uploads\/2025\/04\/Clique-150x150.png 150w, https:\/\/ciateatrodocumentario.com.br\/wp-content\/uploads\/2025\/04\/Clique-768x768.png 768w, https:\/\/ciateatrodocumentario.com.br\/wp-content\/uploads\/2025\/04\/Clique.png 1080w\" sizes=\"(max-width: 843px) 100vw, 843px\" \/>\t\t\t\t\t\t\t\t\t\t\t\t\t\t\t<\/div>\n\t\t\t\t<\/div>\n\t\t\t\t<\/div>\n\t\t<div class=\"elementor-element elementor-element-f9b6f65 e-con-full e-flex e-con e-child\" data-id=\"f9b6f65\" data-element_type=\"container\">\n\t\t\t\t<div class=\"elementor-element elementor-element-c28edaf elementor-widget elementor-widget-image\" data-id=\"c28edaf\" data-element_type=\"widget\" data-widget_type=\"image.default\">\n\t\t\t\t<div class=\"elementor-widget-container\">\n\t\t\t\t\t\t\t\t\t\t\t\t\t\t\t<img decoding=\"async\" width=\"361\" height=\"480\" src=\"https:\/\/ciateatrodocumentario.com.br\/wp-content\/uploads\/2025\/04\/palacio.jpg\" class=\"attachment-large size-large wp-image-241\" alt=\"\" srcset=\"https:\/\/ciateatrodocumentario.com.br\/wp-content\/uploads\/2025\/04\/palacio.jpg 361w, https:\/\/ciateatrodocumentario.com.br\/wp-content\/uploads\/2025\/04\/palacio-226x300.jpg 226w\" sizes=\"(max-width: 361px) 100vw, 361px\" \/>\t\t\t\t\t\t\t\t\t\t\t\t\t\t\t<\/div>\n\t\t\t\t<\/div>\n\t\t\t\t<\/div>\n\t\t\t\t\t<\/div>\n\t\t\t\t<\/div>\n\t\t\t\t<\/div>\n\t\t","protected":false},"excerpt":{"rendered":"<p>O primeiro trabalho apresentado pela Cia. Teatro Document\u00e1rio foi um estudo c\u00eanico intitulado Desde quando eu ainda era Travesti ou Lamento do Pal\u00e1cio das Princesas,&hellip;<\/p>\n","protected":false},"author":1,"featured_media":0,"parent":0,"menu_order":0,"comment_status":"closed","ping_status":"closed","template":"","meta":{"_eb_attr":"","footnotes":""},"class_list":["post-237","page","type-page","status-publish","hentry"],"_links":{"self":[{"href":"https:\/\/ciateatrodocumentario.com.br\/index.php?rest_route=\/wp\/v2\/pages\/237","targetHints":{"allow":["GET"]}}],"collection":[{"href":"https:\/\/ciateatrodocumentario.com.br\/index.php?rest_route=\/wp\/v2\/pages"}],"about":[{"href":"https:\/\/ciateatrodocumentario.com.br\/index.php?rest_route=\/wp\/v2\/types\/page"}],"author":[{"embeddable":true,"href":"https:\/\/ciateatrodocumentario.com.br\/index.php?rest_route=\/wp\/v2\/users\/1"}],"replies":[{"embeddable":true,"href":"https:\/\/ciateatrodocumentario.com.br\/index.php?rest_route=%2Fwp%2Fv2%2Fcomments&post=237"}],"version-history":[{"count":9,"href":"https:\/\/ciateatrodocumentario.com.br\/index.php?rest_route=\/wp\/v2\/pages\/237\/revisions"}],"predecessor-version":[{"id":254,"href":"https:\/\/ciateatrodocumentario.com.br\/index.php?rest_route=\/wp\/v2\/pages\/237\/revisions\/254"}],"wp:attachment":[{"href":"https:\/\/ciateatrodocumentario.com.br\/index.php?rest_route=%2Fwp%2Fv2%2Fmedia&parent=237"}],"curies":[{"name":"wp","href":"https:\/\/api.w.org\/{rel}","templated":true}]}}