{"id":178,"date":"2025-04-26T22:29:05","date_gmt":"2025-04-27T01:29:05","guid":{"rendered":"http:\/\/ciateatrodocumentario.com.br\/?page_id=178"},"modified":"2025-04-27T00:35:58","modified_gmt":"2025-04-27T03:35:58","slug":"consumindo-68","status":"publish","type":"page","link":"https:\/\/ciateatrodocumentario.com.br\/?page_id=178","title":{"rendered":""},"content":{"rendered":"\t\t<div data-elementor-type=\"wp-page\" data-elementor-id=\"178\" class=\"elementor elementor-178\">\n\t\t\t\t<div class=\"elementor-element elementor-element-d484339 e-flex e-con-boxed e-con e-parent\" data-id=\"d484339\" data-element_type=\"container\">\n\t\t\t\t\t<div class=\"e-con-inner\">\n\t\t\t\t<div class=\"elementor-element elementor-element-78f0a7e elementor-widget elementor-widget-image\" data-id=\"78f0a7e\" data-element_type=\"widget\" data-widget_type=\"image.default\">\n\t\t\t\t<div class=\"elementor-widget-container\">\n\t\t\t\t\t\t\t\t\t\t\t\t\t\t\t<img fetchpriority=\"high\" decoding=\"async\" width=\"843\" height=\"211\" src=\"https:\/\/ciateatrodocumentario.com.br\/wp-content\/uploads\/2025\/04\/Cabecalho-para-Google-Glassroom-Literatura-Infantil-Aquarela-2-1024x256.png\" class=\"attachment-large size-large wp-image-227\" alt=\"\" srcset=\"https:\/\/ciateatrodocumentario.com.br\/wp-content\/uploads\/2025\/04\/Cabecalho-para-Google-Glassroom-Literatura-Infantil-Aquarela-2-1024x256.png 1024w, https:\/\/ciateatrodocumentario.com.br\/wp-content\/uploads\/2025\/04\/Cabecalho-para-Google-Glassroom-Literatura-Infantil-Aquarela-2-300x75.png 300w, https:\/\/ciateatrodocumentario.com.br\/wp-content\/uploads\/2025\/04\/Cabecalho-para-Google-Glassroom-Literatura-Infantil-Aquarela-2-768x192.png 768w, https:\/\/ciateatrodocumentario.com.br\/wp-content\/uploads\/2025\/04\/Cabecalho-para-Google-Glassroom-Literatura-Infantil-Aquarela-2-1536x384.png 1536w, https:\/\/ciateatrodocumentario.com.br\/wp-content\/uploads\/2025\/04\/Cabecalho-para-Google-Glassroom-Literatura-Infantil-Aquarela-2.png 1920w\" sizes=\"(max-width: 843px) 100vw, 843px\" \/>\t\t\t\t\t\t\t\t\t\t\t\t\t\t\t<\/div>\n\t\t\t\t<\/div>\n\t\t\t\t\t<\/div>\n\t\t\t\t<\/div>\n\t\t<div class=\"elementor-element elementor-element-a08f750 e-flex e-con-boxed e-con e-parent\" data-id=\"a08f750\" data-element_type=\"container\">\n\t\t\t\t\t<div class=\"e-con-inner\">\n\t\t\t\t<div class=\"elementor-element elementor-element-5ea188f elementor-widget elementor-widget-text-editor\" data-id=\"5ea188f\" data-element_type=\"widget\" data-widget_type=\"text-editor.default\">\n\t\t\t\t<div class=\"elementor-widget-container\">\n\t\t\t\t\t\t\t\t\t<p><span style=\"font-weight: 400;\">Em 2008, nos inscrevemos na sele\u00e7\u00e3o de projeto teatral feita pela representa\u00e7\u00e3o do Minist\u00e9rio da Cultura em S\u00e3o Paulo em comemora\u00e7\u00e3o aos 40 anos da gera\u00e7\u00e3o 68. Dentre muitos grupos, com <\/span><i><span style=\"font-weight: 400;\">Consumindo 68<\/span><\/i><span style=\"font-weight: 400;\">, fomos um dos tr\u00eas escolhidos para a Mostra 68 \u2013 Ut\u00f3picos e Rebeldes, realizada pelo Minist\u00e9rio da Cultura e Secretaria Especial dos Direitos Humanos, com o patroc\u00ednio do SESC\/SP. Depois da estreia no Teatro Anchieta do SESC Consola\u00e7\u00e3o (julho de 2008), o grupo foi convidado para uma temporada no Espa\u00e7o dos Parlapat\u00f5es (agosto e setembro de 2008), al\u00e9m de participar tamb\u00e9m das Satyrianas\/2008. Em <\/span><i><span style=\"font-weight: 400;\">Consumindo 68<\/span><\/i><span style=\"font-weight: 400;\">, problematizamos cenicamente como os jovens atuais se apropriam dos \u00edcones da gera\u00e7\u00e3o de 68 como objetos de consumo. Com esse trabalho fomos considerados pela Revista da Folha do dia 31 de agosto de 2008, um dos quatro jovens grupos dignos de aplausos.<\/span><\/p>\t\t\t\t\t\t\t\t<\/div>\n\t\t\t\t<\/div>\n\t\t\t\t\t<\/div>\n\t\t\t\t<\/div>\n\t\t<div class=\"elementor-element elementor-element-40bdb02 e-flex e-con-boxed e-con e-parent\" data-id=\"40bdb02\" data-element_type=\"container\">\n\t\t\t\t\t<div class=\"e-con-inner\">\n\t\t\t\t<div class=\"elementor-element elementor-element-94c4837 elementor-widget elementor-widget-image\" data-id=\"94c4837\" data-element_type=\"widget\" data-widget_type=\"image.default\">\n\t\t\t\t<div class=\"elementor-widget-container\">\n\t\t\t\t\t\t\t\t\t\t\t\t\t\t\t<img decoding=\"async\" width=\"843\" height=\"506\" src=\"https:\/\/ciateatrodocumentario.com.br\/wp-content\/uploads\/2025\/04\/Post-1-consumindo-1-1.jpg\" class=\"attachment-large size-large wp-image-226\" alt=\"\" srcset=\"https:\/\/ciateatrodocumentario.com.br\/wp-content\/uploads\/2025\/04\/Post-1-consumindo-1-1.jpg 1000w, https:\/\/ciateatrodocumentario.com.br\/wp-content\/uploads\/2025\/04\/Post-1-consumindo-1-1-300x180.jpg 300w, https:\/\/ciateatrodocumentario.com.br\/wp-content\/uploads\/2025\/04\/Post-1-consumindo-1-1-768x461.jpg 768w\" sizes=\"(max-width: 843px) 100vw, 843px\" \/>\t\t\t\t\t\t\t\t\t\t\t\t\t\t\t<\/div>\n\t\t\t\t<\/div>\n\t\t\t\t\t<\/div>\n\t\t\t\t<\/div>\n\t\t<div class=\"elementor-element elementor-element-9539baa e-flex e-con-boxed e-con e-parent\" data-id=\"9539baa\" data-element_type=\"container\">\n\t\t\t\t\t<div class=\"e-con-inner\">\n\t\t\t\t<div class=\"elementor-element elementor-element-3dbc03f elementor-widget elementor-widget-image\" data-id=\"3dbc03f\" data-element_type=\"widget\" data-widget_type=\"image.default\">\n\t\t\t\t<div class=\"elementor-widget-container\">\n\t\t\t\t\t\t\t\t\t\t\t\t\t\t\t<img decoding=\"async\" width=\"843\" height=\"506\" src=\"https:\/\/ciateatrodocumentario.com.br\/wp-content\/uploads\/2025\/04\/Post-4-consumindo-editado-1.jpg\" class=\"attachment-large size-large wp-image-228\" alt=\"\" srcset=\"https:\/\/ciateatrodocumentario.com.br\/wp-content\/uploads\/2025\/04\/Post-4-consumindo-editado-1.jpg 1000w, https:\/\/ciateatrodocumentario.com.br\/wp-content\/uploads\/2025\/04\/Post-4-consumindo-editado-1-300x180.jpg 300w, https:\/\/ciateatrodocumentario.com.br\/wp-content\/uploads\/2025\/04\/Post-4-consumindo-editado-1-768x461.jpg 768w\" sizes=\"(max-width: 843px) 100vw, 843px\" \/>\t\t\t\t\t\t\t\t\t\t\t\t\t\t\t<\/div>\n\t\t\t\t<\/div>\n\t\t\t\t\t<\/div>\n\t\t\t\t<\/div>\n\t\t<div class=\"elementor-element elementor-element-c0717c9 e-flex e-con-boxed e-con e-parent\" data-id=\"c0717c9\" data-element_type=\"container\">\n\t\t\t\t\t<div class=\"e-con-inner\">\n\t\t\t\t<div class=\"elementor-element elementor-element-b120f83 elementor-widget elementor-widget-image\" data-id=\"b120f83\" data-element_type=\"widget\" data-widget_type=\"image.default\">\n\t\t\t\t<div class=\"elementor-widget-container\">\n\t\t\t\t\t\t\t\t\t\t\t\t\t\t\t<img loading=\"lazy\" decoding=\"async\" width=\"843\" height=\"506\" src=\"https:\/\/ciateatrodocumentario.com.br\/wp-content\/uploads\/2025\/04\/Post-3-consumindo-1-1.jpg\" class=\"attachment-large size-large wp-image-229\" alt=\"\" srcset=\"https:\/\/ciateatrodocumentario.com.br\/wp-content\/uploads\/2025\/04\/Post-3-consumindo-1-1.jpg 1000w, https:\/\/ciateatrodocumentario.com.br\/wp-content\/uploads\/2025\/04\/Post-3-consumindo-1-1-300x180.jpg 300w, https:\/\/ciateatrodocumentario.com.br\/wp-content\/uploads\/2025\/04\/Post-3-consumindo-1-1-768x461.jpg 768w\" sizes=\"(max-width: 843px) 100vw, 843px\" \/>\t\t\t\t\t\t\t\t\t\t\t\t\t\t\t<\/div>\n\t\t\t\t<\/div>\n\t\t\t\t\t<\/div>\n\t\t\t\t<\/div>\n\t\t\t\t<\/div>\n\t\t","protected":false},"excerpt":{"rendered":"<p>Em 2008, nos inscrevemos na sele\u00e7\u00e3o de projeto teatral feita pela representa\u00e7\u00e3o do Minist\u00e9rio da Cultura em S\u00e3o Paulo em comemora\u00e7\u00e3o aos 40 anos da&hellip;<\/p>\n","protected":false},"author":1,"featured_media":0,"parent":0,"menu_order":0,"comment_status":"closed","ping_status":"closed","template":"","meta":{"_eb_attr":"","footnotes":""},"class_list":["post-178","page","type-page","status-publish","hentry"],"_links":{"self":[{"href":"https:\/\/ciateatrodocumentario.com.br\/index.php?rest_route=\/wp\/v2\/pages\/178","targetHints":{"allow":["GET"]}}],"collection":[{"href":"https:\/\/ciateatrodocumentario.com.br\/index.php?rest_route=\/wp\/v2\/pages"}],"about":[{"href":"https:\/\/ciateatrodocumentario.com.br\/index.php?rest_route=\/wp\/v2\/types\/page"}],"author":[{"embeddable":true,"href":"https:\/\/ciateatrodocumentario.com.br\/index.php?rest_route=\/wp\/v2\/users\/1"}],"replies":[{"embeddable":true,"href":"https:\/\/ciateatrodocumentario.com.br\/index.php?rest_route=%2Fwp%2Fv2%2Fcomments&post=178"}],"version-history":[{"count":11,"href":"https:\/\/ciateatrodocumentario.com.br\/index.php?rest_route=\/wp\/v2\/pages\/178\/revisions"}],"predecessor-version":[{"id":253,"href":"https:\/\/ciateatrodocumentario.com.br\/index.php?rest_route=\/wp\/v2\/pages\/178\/revisions\/253"}],"wp:attachment":[{"href":"https:\/\/ciateatrodocumentario.com.br\/index.php?rest_route=%2Fwp%2Fv2%2Fmedia&parent=178"}],"curies":[{"name":"wp","href":"https:\/\/api.w.org\/{rel}","templated":true}]}}